{"id":11212,"date":"2022-01-25T13:36:27","date_gmt":"2022-01-25T12:36:27","guid":{"rendered":"https:\/\/www.unigasket.it\/?page_id=11212"},"modified":"2025-11-04T10:15:49","modified_gmt":"2025-11-04T09:15:49","slug":"esg","status":"publish","type":"page","link":"https:\/\/www.unigasket.it\/it\/esg\/","title":{"rendered":"ESG"},"content":{"rendered":"\t\t<div data-elementor-type=\"wp-page\" data-elementor-id=\"11212\" class=\"elementor elementor-11212\" data-elementor-settings=\"[]\">\n\t\t\t\t\t\t\t<div class=\"elementor-section-wrap\">\n\t\t\t\t\t\t\t<section class=\"elementor-section elementor-top-section elementor-element elementor-element-c829818 elementor-section-height-min-height elementor-section-boxed elementor-section-height-default elementor-section-items-middle\" data-id=\"c829818\" data-element_type=\"section\" data-settings=\"{&quot;background_background&quot;:&quot;classic&quot;}\">\n\t\t\t\t\t\t<div class=\"elementor-container elementor-column-gap-default\">\n\t\t\t\t\t<div class=\"elementor-column elementor-col-100 elementor-top-column elementor-element elementor-element-14d3fb5\" data-id=\"14d3fb5\" data-element_type=\"column\">\n\t\t\t<div class=\"elementor-widget-wrap elementor-element-populated\">\n\t\t\t\t\t\t\t\t\t<\/div>\n\t\t<\/div>\n\t\t\t\t\t\t\t<\/div>\n\t\t<\/section>\n\t\t\t\t<section class=\"elementor-section elementor-top-section elementor-element elementor-element-a4f6ef9 elementor-section-boxed elementor-section-height-default elementor-section-height-default\" data-id=\"a4f6ef9\" data-element_type=\"section\">\n\t\t\t\t\t\t<div class=\"elementor-container elementor-column-gap-default\">\n\t\t\t\t\t<div class=\"elementor-column elementor-col-100 elementor-top-column elementor-element elementor-element-c63ba24\" data-id=\"c63ba24\" data-element_type=\"column\">\n\t\t\t<div class=\"elementor-widget-wrap elementor-element-populated\">\n\t\t\t\t\t\t\t\t<div class=\"elementor-element elementor-element-60c25e0 elementor-widget elementor-widget-heading\" data-id=\"60c25e0\" data-element_type=\"widget\" data-widget_type=\"heading.default\">\n\t\t\t\t<div class=\"elementor-widget-container\">\n\t\t\t<h1 class=\"elementor-heading-title elementor-size-xl elementor-heading-title elementor-size-xl elementor-align-after-center\">ESG - I VALORI UNIGASKET<\/h1>\t\t<\/div>\n\t\t\t\t<\/div>\n\t\t\t\t\t<\/div>\n\t\t<\/div>\n\t\t\t\t\t\t\t<\/div>\n\t\t<\/section>\n\t\t\t\t<section class=\"elementor-section elementor-top-section elementor-element elementor-element-9f5ffc6 elementor-section-boxed elementor-section-height-default elementor-section-height-default\" data-id=\"9f5ffc6\" data-element_type=\"section\">\n\t\t\t\t\t\t<div class=\"elementor-container elementor-column-gap-default\">\n\t\t\t\t\t<div class=\"elementor-column elementor-col-100 elementor-top-column elementor-element elementor-element-9af9ad4\" data-id=\"9af9ad4\" data-element_type=\"column\">\n\t\t\t<div class=\"elementor-widget-wrap elementor-element-populated\">\n\t\t\t\t\t\t\t\t<div class=\"elementor-element elementor-element-9863f53 elementor-widget elementor-widget-text-editor\" data-id=\"9863f53\" data-element_type=\"widget\" data-widget_type=\"text-editor.default\">\n\t\t\t\t<div class=\"elementor-widget-container\">\n\t\t\t\t\t\t\t<p>Il Gruppo Unigasket, con grande lungimiranza, consapevolezza e sensibilit\u00e0, ha da tempo avviato una strategia di gestione aziendale che ha come suo obiettivo un fattivo impegno per un futuro sempre pi\u00f9 sostenibile a livello ambientale e sociale.<\/p><p><br \/>La declinazione dell\u2019acronimo ESG si traduce quotidianamente nella nostra azienda in:<\/p>\t\t\t\t\t\t<\/div>\n\t\t\t\t<\/div>\n\t\t\t\t\t<\/div>\n\t\t<\/div>\n\t\t\t\t\t\t\t<\/div>\n\t\t<\/section>\n\t\t\t\t<section class=\"elementor-section elementor-top-section elementor-element elementor-element-8f88f71 elementor-section-boxed elementor-section-height-default elementor-section-height-default\" data-id=\"8f88f71\" data-element_type=\"section\">\n\t\t\t\t\t\t<div class=\"elementor-container elementor-column-gap-default\">\n\t\t\t\t\t<div class=\"elementor-column elementor-col-33 elementor-top-column elementor-element elementor-element-13fee20\" data-id=\"13fee20\" data-element_type=\"column\">\n\t\t\t<div class=\"elementor-widget-wrap elementor-element-populated\">\n\t\t\t\t\t\t\t\t<div class=\"elementor-element elementor-element-3851643 elementor-widget elementor-widget-heading\" data-id=\"3851643\" data-element_type=\"widget\" data-widget_type=\"heading.default\">\n\t\t\t\t<div class=\"elementor-widget-container\">\n\t\t\t<h2 class=\"elementor-heading-title elementor-size-small elementor-heading-title elementor-size-small elementor-align-after-left\">E(NVIRONMENT)<\/h2>\t\t<\/div>\n\t\t\t\t<\/div>\n\t\t\t\t<div class=\"elementor-element elementor-element-7ee1e2a elementor-widget elementor-widget-text-editor\" data-id=\"7ee1e2a\" data-element_type=\"widget\" data-widget_type=\"text-editor.default\">\n\t\t\t\t<div class=\"elementor-widget-container\">\n\t\t\t\t\t\t\t<p>Politiche che valutino l\u2019impatto delle attivit\u00e0 aziendali sull\u2019ambiente (efficienza energetica, emissioni di gas serra, gestione delle risorse idriche e dei rifiuti, ecc.) e sviluppo di prodotti con materie prime che siano in grado di rispondere alle sfide climatiche ed ambientali<\/p>\t\t\t\t\t\t<\/div>\n\t\t\t\t<\/div>\n\t\t\t\t\t<\/div>\n\t\t<\/div>\n\t\t\t\t<div class=\"elementor-column elementor-col-33 elementor-top-column elementor-element elementor-element-688849e\" data-id=\"688849e\" data-element_type=\"column\">\n\t\t\t<div class=\"elementor-widget-wrap elementor-element-populated\">\n\t\t\t\t\t\t\t\t<div class=\"elementor-element elementor-element-0528193 elementor-widget elementor-widget-heading\" data-id=\"0528193\" data-element_type=\"widget\" data-widget_type=\"heading.default\">\n\t\t\t\t<div class=\"elementor-widget-container\">\n\t\t\t<h2 class=\"elementor-heading-title elementor-size-small elementor-heading-title elementor-size-small elementor-align-after-center\">S(OCIAL)<\/h2>\t\t<\/div>\n\t\t\t\t<\/div>\n\t\t\t\t<div class=\"elementor-element elementor-element-0ccb34f elementor-widget elementor-widget-text-editor\" data-id=\"0ccb34f\" data-element_type=\"widget\" data-widget_type=\"text-editor.default\">\n\t\t\t\t<div class=\"elementor-widget-container\">\n\t\t\t\t\t\t\t<p>La nostra azienda \u00e8 fatta di persone che sono il nostro valore aggiunto messo a disposizione dei clienti; per questo ci impegniamo ad assicurare i migliori standard di lavoro possibili nel rispetto delle politiche di genere assicurando anche un costante impegno verso la comunit\u00e0 civile che ospita le nostre realt\u00e0 industriali<\/p>\t\t\t\t\t\t<\/div>\n\t\t\t\t<\/div>\n\t\t\t\t\t<\/div>\n\t\t<\/div>\n\t\t\t\t<div class=\"elementor-column elementor-col-33 elementor-top-column elementor-element elementor-element-4f8ff66\" data-id=\"4f8ff66\" data-element_type=\"column\">\n\t\t\t<div class=\"elementor-widget-wrap elementor-element-populated\">\n\t\t\t\t\t\t\t\t<div class=\"elementor-element elementor-element-4e00057 elementor-widget elementor-widget-heading\" data-id=\"4e00057\" data-element_type=\"widget\" data-widget_type=\"heading.default\">\n\t\t\t\t<div class=\"elementor-widget-container\">\n\t\t\t<h2 class=\"elementor-heading-title elementor-size-small elementor-heading-title elementor-size-small\"><p>G(OVERNANCE)<\/p><\/h2>\t\t<\/div>\n\t\t\t\t<\/div>\n\t\t\t\t<div class=\"elementor-element elementor-element-b751405 elementor-widget elementor-widget-text-editor\" data-id=\"b751405\" data-element_type=\"widget\" data-widget_type=\"text-editor.default\">\n\t\t\t\t<div class=\"elementor-widget-container\">\n\t\t\t\t\t\t\tFigura chiave per il governo della sostenibilit\u00e0 in UNIGASKET \u00e8 il Chief CSR\nOfficer, ruolo affidato all\u2019Amministratore Delegato, a cui \u00e8 demandato il\ncompito di proporre, coordinare ed avviare i progetti e le iniziative in ambito\ndi responsabilit\u00e0 sociale. \u00c8 responsabilit\u00e0 di tale figura anche soddisfare le\nrichieste degli stakeholder sui temi legati alla sostenibilit\u00e0.\t\t\t\t\t\t<\/div>\n\t\t\t\t<\/div>\n\t\t\t\t\t<\/div>\n\t\t<\/div>\n\t\t\t\t\t\t\t<\/div>\n\t\t<\/section>\n\t\t\t\t<section class=\"elementor-section elementor-top-section elementor-element elementor-element-2f2c80b elementor-section-boxed elementor-section-height-default elementor-section-height-default\" data-id=\"2f2c80b\" data-element_type=\"section\">\n\t\t\t\t\t\t<div class=\"elementor-container elementor-column-gap-default\">\n\t\t\t\t\t<div class=\"elementor-column elementor-col-100 elementor-top-column elementor-element elementor-element-5b40509\" data-id=\"5b40509\" data-element_type=\"column\">\n\t\t\t<div class=\"elementor-widget-wrap elementor-element-populated\">\n\t\t\t\t\t\t\t\t<div class=\"elementor-element elementor-element-fc8d6fe elementor-button-info elementor-align-center elementor-widget elementor-widget-button\" data-id=\"fc8d6fe\" data-element_type=\"widget\" data-widget_type=\"button.default\">\n\t\t\t\t<div class=\"elementor-widget-container\">\n\t\t\t\t\t<div class=\"elementor-button-wrapper\">\n\t\t\t<a href=\"https:\/\/www.unigasket.it\/wp-content\/uploads\/2025\/11\/rapporto-conclusivo-ESG-anno-2024_rev01.pdf\" class=\"elementor-button-link elementor-button elementor-size-sm\" role=\"button\">\n\t\t\t\t\t\t<span class=\"elementor-button-content-wrapper\">\n\t\t\t\t\t\t<span class=\"elementor-button-text\">Rapporto Annuale ESG 2024<\/span>\n\t\t<\/span>\n\t\t\t\t\t<\/a>\n\t\t<\/div>\n\t\t\t\t<\/div>\n\t\t\t\t<\/div>\n\t\t\t\t<div class=\"elementor-element elementor-element-3c44d58 elementor-button-info elementor-align-center elementor-widget elementor-widget-button\" data-id=\"3c44d58\" data-element_type=\"widget\" data-widget_type=\"button.default\">\n\t\t\t\t<div class=\"elementor-widget-container\">\n\t\t\t\t\t<div class=\"elementor-button-wrapper\">\n\t\t\t<a href=\"https:\/\/www.unigasket.it\/wp-content\/uploads\/2024\/06\/Relazione-Carbon-footprint-Unigasket.pdf\" class=\"elementor-button-link elementor-button elementor-size-sm\" role=\"button\">\n\t\t\t\t\t\t<span class=\"elementor-button-content-wrapper\">\n\t\t\t\t\t\t<span class=\"elementor-button-text\">Relazione Carbon Footprint<\/span>\n\t\t<\/span>\n\t\t\t\t\t<\/a>\n\t\t<\/div>\n\t\t\t\t<\/div>\n\t\t\t\t<\/div>\n\t\t\t\t\t<\/div>\n\t\t<\/div>\n\t\t\t\t\t\t\t<\/div>\n\t\t<\/section>\n\t\t\t\t\t\t<\/div>\n\t\t\t\t\t<\/div>\n\t\t","protected":false},"excerpt":{"rendered":"<p>ESG &#8211; I VALORI UNIGASKET Il Gruppo Unigasket, con grande lungimiranza, consapevolezza e sensibilit\u00e0, ha da tempo avviato&#8230;<\/p>\n","protected":false},"author":1,"featured_media":0,"parent":0,"menu_order":0,"comment_status":"closed","ping_status":"closed","template":"elementor_canvas","meta":{"footnotes":""},"class_list":["post-11212","page","type-page","status-publish","hentry"],"yoast_head":"<!-- This site is optimized with the Yoast SEO plugin v27.4 - https:\/\/yoast.com\/product\/yoast-seo-wordpress\/ -->\n<title>ESG - Unigasket<\/title>\n<meta name=\"description\" content=\"ESG - I VALORI UNIGASKET Il Gruppo Unigasket, con grande lungimiranza, consapevolezza e sensibilit\u00e0, ha da tempo avviato una strategia di gestione\" \/>\n<meta name=\"robots\" content=\"index, follow, max-snippet:-1, max-image-preview:large, max-video-preview:-1\" \/>\n<link rel=\"canonical\" href=\"https:\/\/www.unigasket.it\/en\/esg\/\" \/>\n<meta property=\"og:locale\" content=\"it_IT\" \/>\n<meta property=\"og:type\" content=\"article\" \/>\n<meta property=\"og:title\" content=\"ESG - Unigasket\" \/>\n<meta property=\"og:description\" content=\"ESG - I VALORI UNIGASKET Il Gruppo Unigasket, con grande lungimiranza, consapevolezza e sensibilit\u00e0, ha da tempo avviato una strategia di gestione\" \/>\n<meta property=\"og:url\" content=\"https:\/\/www.unigasket.it\/en\/esg\/\" \/>\n<meta property=\"og:site_name\" content=\"Unigasket\" \/>\n<meta property=\"article:modified_time\" content=\"2025-11-04T09:15:49+00:00\" \/>\n<meta name=\"twitter:card\" content=\"summary_large_image\" \/>\n<meta name=\"twitter:label1\" content=\"Tempo di lettura stimato\" \/>\n\t<meta name=\"twitter:data1\" content=\"2 minuti\" \/>\n<script type=\"application\/ld+json\" class=\"yoast-schema-graph\">{\"@context\":\"https:\\\/\\\/schema.org\",\"@graph\":[{\"@type\":\"WebPage\",\"@id\":\"https:\\\/\\\/www.unigasket.it\\\/en\\\/esg\\\/\",\"url\":\"https:\\\/\\\/www.unigasket.it\\\/en\\\/esg\\\/\",\"name\":\"ESG - Unigasket\",\"isPartOf\":{\"@id\":\"https:\\\/\\\/www.unigasket.it\\\/it\\\/#website\"},\"datePublished\":\"2022-01-25T12:36:27+00:00\",\"dateModified\":\"2025-11-04T09:15:49+00:00\",\"description\":\"ESG - I VALORI UNIGASKET Il Gruppo Unigasket, con grande lungimiranza, consapevolezza e sensibilit\u00e0, ha da tempo avviato una strategia di gestione\",\"breadcrumb\":{\"@id\":\"https:\\\/\\\/www.unigasket.it\\\/en\\\/esg\\\/#breadcrumb\"},\"inLanguage\":\"it-IT\",\"potentialAction\":[{\"@type\":\"ReadAction\",\"target\":[\"https:\\\/\\\/www.unigasket.it\\\/en\\\/esg\\\/\"]}]},{\"@type\":\"BreadcrumbList\",\"@id\":\"https:\\\/\\\/www.unigasket.it\\\/en\\\/esg\\\/#breadcrumb\",\"itemListElement\":[{\"@type\":\"ListItem\",\"position\":1,\"name\":\"Home\",\"item\":\"https:\\\/\\\/www.unigasket.it\\\/it\\\/\"},{\"@type\":\"ListItem\",\"position\":2,\"name\":\"ESG\"}]},{\"@type\":\"WebSite\",\"@id\":\"https:\\\/\\\/www.unigasket.it\\\/it\\\/#website\",\"url\":\"https:\\\/\\\/www.unigasket.it\\\/it\\\/\",\"name\":\"Unigasket\",\"description\":\"The future is here\",\"publisher\":{\"@id\":\"https:\\\/\\\/www.unigasket.it\\\/it\\\/#organization\"},\"potentialAction\":[{\"@type\":\"SearchAction\",\"target\":{\"@type\":\"EntryPoint\",\"urlTemplate\":\"https:\\\/\\\/www.unigasket.it\\\/it\\\/?s={search_term_string}\"},\"query-input\":{\"@type\":\"PropertyValueSpecification\",\"valueRequired\":true,\"valueName\":\"search_term_string\"}}],\"inLanguage\":\"it-IT\"},{\"@type\":\"Organization\",\"@id\":\"https:\\\/\\\/www.unigasket.it\\\/it\\\/#organization\",\"name\":\"Unigasket\",\"url\":\"https:\\\/\\\/www.unigasket.it\\\/it\\\/\",\"logo\":{\"@type\":\"ImageObject\",\"inLanguage\":\"it-IT\",\"@id\":\"https:\\\/\\\/www.unigasket.it\\\/it\\\/#\\\/schema\\\/logo\\\/image\\\/\",\"url\":\"https:\\\/\\\/www.unigasket.it\\\/wp-content\\\/uploads\\\/2018\\\/07\\\/logo-unigasket.png\",\"contentUrl\":\"https:\\\/\\\/www.unigasket.it\\\/wp-content\\\/uploads\\\/2018\\\/07\\\/logo-unigasket.png\",\"width\":600,\"height\":147,\"caption\":\"Unigasket\"},\"image\":{\"@id\":\"https:\\\/\\\/www.unigasket.it\\\/it\\\/#\\\/schema\\\/logo\\\/image\\\/\"},\"sameAs\":[\"https:\\\/\\\/it.linkedin.com\\\/company\\\/unigasket-srl\"]}]}<\/script>\n<!-- \/ Yoast SEO plugin. -->","yoast_head_json":{"title":"ESG - Unigasket","description":"ESG - I VALORI UNIGASKET Il Gruppo Unigasket, con grande lungimiranza, consapevolezza e sensibilit\u00e0, ha da tempo avviato una strategia di gestione","robots":{"index":"index","follow":"follow","max-snippet":"max-snippet:-1","max-image-preview":"max-image-preview:large","max-video-preview":"max-video-preview:-1"},"canonical":"https:\/\/www.unigasket.it\/en\/esg\/","og_locale":"it_IT","og_type":"article","og_title":"ESG - Unigasket","og_description":"ESG - I VALORI UNIGASKET Il Gruppo Unigasket, con grande lungimiranza, consapevolezza e sensibilit\u00e0, ha da tempo avviato una strategia di gestione","og_url":"https:\/\/www.unigasket.it\/en\/esg\/","og_site_name":"Unigasket","article_modified_time":"2025-11-04T09:15:49+00:00","twitter_card":"summary_large_image","twitter_misc":{"Tempo di lettura stimato":"2 minuti"},"schema":{"@context":"https:\/\/schema.org","@graph":[{"@type":"WebPage","@id":"https:\/\/www.unigasket.it\/en\/esg\/","url":"https:\/\/www.unigasket.it\/en\/esg\/","name":"ESG - Unigasket","isPartOf":{"@id":"https:\/\/www.unigasket.it\/it\/#website"},"datePublished":"2022-01-25T12:36:27+00:00","dateModified":"2025-11-04T09:15:49+00:00","description":"ESG - I VALORI UNIGASKET Il Gruppo Unigasket, con grande lungimiranza, consapevolezza e sensibilit\u00e0, ha da tempo avviato una strategia di gestione","breadcrumb":{"@id":"https:\/\/www.unigasket.it\/en\/esg\/#breadcrumb"},"inLanguage":"it-IT","potentialAction":[{"@type":"ReadAction","target":["https:\/\/www.unigasket.it\/en\/esg\/"]}]},{"@type":"BreadcrumbList","@id":"https:\/\/www.unigasket.it\/en\/esg\/#breadcrumb","itemListElement":[{"@type":"ListItem","position":1,"name":"Home","item":"https:\/\/www.unigasket.it\/it\/"},{"@type":"ListItem","position":2,"name":"ESG"}]},{"@type":"WebSite","@id":"https:\/\/www.unigasket.it\/it\/#website","url":"https:\/\/www.unigasket.it\/it\/","name":"Unigasket","description":"The future is here","publisher":{"@id":"https:\/\/www.unigasket.it\/it\/#organization"},"potentialAction":[{"@type":"SearchAction","target":{"@type":"EntryPoint","urlTemplate":"https:\/\/www.unigasket.it\/it\/?s={search_term_string}"},"query-input":{"@type":"PropertyValueSpecification","valueRequired":true,"valueName":"search_term_string"}}],"inLanguage":"it-IT"},{"@type":"Organization","@id":"https:\/\/www.unigasket.it\/it\/#organization","name":"Unigasket","url":"https:\/\/www.unigasket.it\/it\/","logo":{"@type":"ImageObject","inLanguage":"it-IT","@id":"https:\/\/www.unigasket.it\/it\/#\/schema\/logo\/image\/","url":"https:\/\/www.unigasket.it\/wp-content\/uploads\/2018\/07\/logo-unigasket.png","contentUrl":"https:\/\/www.unigasket.it\/wp-content\/uploads\/2018\/07\/logo-unigasket.png","width":600,"height":147,"caption":"Unigasket"},"image":{"@id":"https:\/\/www.unigasket.it\/it\/#\/schema\/logo\/image\/"},"sameAs":["https:\/\/it.linkedin.com\/company\/unigasket-srl"]}]}},"_links":{"self":[{"href":"https:\/\/www.unigasket.it\/it\/wp-json\/wp\/v2\/pages\/11212","targetHints":{"allow":["GET"]}}],"collection":[{"href":"https:\/\/www.unigasket.it\/it\/wp-json\/wp\/v2\/pages"}],"about":[{"href":"https:\/\/www.unigasket.it\/it\/wp-json\/wp\/v2\/types\/page"}],"author":[{"embeddable":true,"href":"https:\/\/www.unigasket.it\/it\/wp-json\/wp\/v2\/users\/1"}],"replies":[{"embeddable":true,"href":"https:\/\/www.unigasket.it\/it\/wp-json\/wp\/v2\/comments?post=11212"}],"version-history":[{"count":42,"href":"https:\/\/www.unigasket.it\/it\/wp-json\/wp\/v2\/pages\/11212\/revisions"}],"predecessor-version":[{"id":15460,"href":"https:\/\/www.unigasket.it\/it\/wp-json\/wp\/v2\/pages\/11212\/revisions\/15460"}],"wp:attachment":[{"href":"https:\/\/www.unigasket.it\/it\/wp-json\/wp\/v2\/media?parent=11212"}],"curies":[{"name":"wp","href":"https:\/\/api.w.org\/{rel}","templated":true}]}}