{"id":11685,"date":"2022-07-20T18:01:55","date_gmt":"2022-07-20T16:01:55","guid":{"rendered":"https:\/\/www.unigasket.it\/?page_id=11685"},"modified":"2022-08-10T13:57:36","modified_gmt":"2022-08-10T11:57:36","slug":"guarnizioni-profili-2","status":"publish","type":"page","link":"https:\/\/www.unigasket.it\/it\/guarnizioni-profili-2\/","title":{"rendered":"Guarnizioni e profili OLD"},"content":{"rendered":"\t\t<div data-elementor-type=\"wp-post\" data-elementor-id=\"11685\" class=\"elementor elementor-11685\" data-elementor-settings=\"[]\">\n\t\t\t\t\t\t\t<div class=\"elementor-section-wrap\">\n\t\t\t\t\t\t\t<section class=\"elementor-section elementor-top-section elementor-element elementor-element-187bca6f elementor-section-height-min-height elementor-section-boxed elementor-section-height-default elementor-section-items-middle\" data-id=\"187bca6f\" data-element_type=\"section\" data-settings=\"{&quot;background_background&quot;:&quot;classic&quot;}\">\n\t\t\t\t\t\t\t<div class=\"elementor-background-overlay\"><\/div>\n\t\t\t\t\t\t\t<div class=\"elementor-container elementor-column-gap-default\">\n\t\t\t\t\t<div class=\"elementor-column elementor-col-100 elementor-top-column elementor-element elementor-element-149d2b90\" data-id=\"149d2b90\" data-element_type=\"column\">\n\t\t\t<div class=\"elementor-widget-wrap elementor-element-populated\">\n\t\t\t\t\t\t\t\t<div class=\"elementor-element elementor-element-5b5973ea elementor-widget elementor-widget-heading\" data-id=\"5b5973ea\" data-element_type=\"widget\" data-widget_type=\"heading.default\">\n\t\t\t\t<div class=\"elementor-widget-container\">\n\t\t\t<h1 class=\"elementor-heading-title elementor-size-default elementor-heading-title elementor-size-default elementor-align-after-center\">Guarnizioni e profili<\/h1>\t\t<\/div>\n\t\t\t\t<\/div>\n\t\t\t\t<div class=\"elementor-element elementor-element-c9056e9 elementor-widget elementor-widget-wp-widget-bcn_widget\" data-id=\"c9056e9\" data-element_type=\"widget\" data-widget_type=\"wp-widget-bcn_widget.default\">\n\t\t\t\t<div class=\"elementor-widget-container\">\n\t\t\t<ol class=\"breadcrumb_trail breadcrumbs\"><li class=\"home\"><span property=\"itemListElement\" typeof=\"ListItem\"><a property=\"item\" typeof=\"WebPage\" title=\"Vai a Unigasket.\" href=\"https:\/\/www.unigasket.it\/it\/\" class=\"home\" aria-current=\"page\"><span property=\"name\">Unigasket<\/span><\/a><meta property=\"position\" content=\"1\"><\/span><\/li>\n<\/ol>\t\t<\/div>\n\t\t\t\t<\/div>\n\t\t\t\t\t<\/div>\n\t\t<\/div>\n\t\t\t\t\t\t\t<\/div>\n\t\t<\/section>\n\t\t\t\t<section class=\"elementor-section elementor-top-section elementor-element elementor-element-9f8495f elementor-section-boxed elementor-section-height-default elementor-section-height-default\" data-id=\"9f8495f\" data-element_type=\"section\" data-settings=\"{&quot;background_background&quot;:&quot;classic&quot;}\">\n\t\t\t\t\t\t<div class=\"elementor-container elementor-column-gap-default\">\n\t\t\t\t\t<div class=\"elementor-column elementor-col-50 elementor-top-column elementor-element elementor-element-388da6b9\" data-id=\"388da6b9\" data-element_type=\"column\">\n\t\t\t<div class=\"elementor-widget-wrap elementor-element-populated\">\n\t\t\t\t\t\t\t\t<div class=\"elementor-element elementor-element-ead1c43 elementor-widget elementor-widget-heading\" data-id=\"ead1c43\" data-element_type=\"widget\" data-widget_type=\"heading.default\">\n\t\t\t\t<div class=\"elementor-widget-container\">\n\t\t\t<h2 class=\"elementor-heading-title elementor-size-default elementor-heading-title elementor-size-default\">Guarnizioni e profili <\/h2>\t\t<\/div>\n\t\t\t\t<\/div>\n\t\t\t\t\t<\/div>\n\t\t<\/div>\n\t\t\t\t<div class=\"elementor-column elementor-col-50 elementor-top-column elementor-element elementor-element-3aad0f3c\" data-id=\"3aad0f3c\" data-element_type=\"column\">\n\t\t\t<div class=\"elementor-widget-wrap\">\n\t\t\t\t\t\t\t\t\t<\/div>\n\t\t<\/div>\n\t\t\t\t\t\t\t<\/div>\n\t\t<\/section>\n\t\t\t\t<section class=\"elementor-section elementor-top-section elementor-element elementor-element-78ecb481 elementor-section-boxed elementor-section-height-default elementor-section-height-default\" data-id=\"78ecb481\" data-element_type=\"section\" data-settings=\"{&quot;background_background&quot;:&quot;classic&quot;}\">\n\t\t\t\t\t\t<div class=\"elementor-container elementor-column-gap-default\">\n\t\t\t\t\t<div class=\"elementor-column elementor-col-50 elementor-top-column elementor-element elementor-element-249c0142\" data-id=\"249c0142\" data-element_type=\"column\">\n\t\t\t<div class=\"elementor-widget-wrap elementor-element-populated\">\n\t\t\t\t\t\t\t\t<div class=\"elementor-element elementor-element-1b595b19 elementor-widget elementor-widget-text-editor\" data-id=\"1b595b19\" data-element_type=\"widget\" data-widget_type=\"text-editor.default\">\n\t\t\t\t<div class=\"elementor-widget-container\">\n\t\t\t\t\t\t\t<p>Unigasket \u00e8 tra i pi\u00f9 importanti produttori di tubi e profili in silicone e grazie alle sue capacit\u00e0 di estrusione e all\u2019esperienza del proprio staff, \u00e8 in grado di realizzare forme e dimensioni complesse resistenti alle alte temperature e stress meccanici complessi.<br \/><br \/>Gli stampi da noi prodotti ci garantiscono una notevole flessibilit\u00e0 e velocit\u00e0 in termini di consegna, ed inoltre possiamo effettuare tagli e giunte ai profili in base alle esigenze dei clienti.<br \/><br \/>I nostri prodotti sono usati principalmente per tenuta delle porte dei forni professionali ma trovano applicazione anche in altri settori industriali come il tessile, l\u2019illuminazione,<\/p>\t\t\t\t\t\t<\/div>\n\t\t\t\t<\/div>\n\t\t\t\t\t<\/div>\n\t\t<\/div>\n\t\t\t\t<div class=\"elementor-column elementor-col-50 elementor-top-column elementor-element elementor-element-5a9ec1e4\" data-id=\"5a9ec1e4\" data-element_type=\"column\">\n\t\t\t<div class=\"elementor-widget-wrap elementor-element-populated\">\n\t\t\t\t\t\t\t\t<div class=\"elementor-element elementor-element-1c4b77e2 elementor-widget elementor-widget-text-editor\" data-id=\"1c4b77e2\" data-element_type=\"widget\" data-widget_type=\"text-editor.default\">\n\t\t\t\t<div class=\"elementor-widget-container\">\n\t\t\t\t\t\t\t<p>l\u2019automotive, l\u2019alimentare, il navale e gli elettrodomestici. La gamma dei profili \u00e8 completata da NBR, EPDM e FKM in diversi colori e durezze per la produzione di O-rings e guarnizioni industriali o automotive.<br \/><br \/>Il nostro servizio tecnico \u00e8 a completa disposizione per supportare ogni richiesta speciale, studiare disegni tecnici e criticit\u00e0 e trovare in tempi rapidi la migliore soluzione richiesta per l\u2019applicazione. Unigasket grazie alla sua esperienza e la competenza \u00e8 garanzia di qualit\u00e0 Made in Italy ed innovazione tecnologica.<\/p>\t\t\t\t\t\t<\/div>\n\t\t\t\t<\/div>\n\t\t\t\t\t<\/div>\n\t\t<\/div>\n\t\t\t\t\t\t\t<\/div>\n\t\t<\/section>\n\t\t\t\t<section class=\"elementor-align-center elementor-section elementor-top-section elementor-element elementor-element-3c0911 elementor-section-boxed elementor-section-height-default elementor-section-height-default\" data-id=\"3c0911\" data-element_type=\"section\" data-settings=\"{&quot;background_background&quot;:&quot;classic&quot;}\">\n\t\t\t\t\t\t<div class=\"elementor-container elementor-column-gap-default\">\n\t\t\t\t\t<div class=\"elementor-column elementor-col-100 elementor-top-column elementor-element elementor-element-66fd112f\" data-id=\"66fd112f\" data-element_type=\"column\">\n\t\t\t<div class=\"elementor-widget-wrap elementor-element-populated\">\n\t\t\t\t\t\t\t\t<div class=\"elementor-element elementor-element-697196c8 elementor-invisible elementor-widget elementor-widget-heading\" data-id=\"697196c8\" data-element_type=\"widget\" data-settings=\"{&quot;_animation&quot;:&quot;fadeInUp&quot;}\" data-widget_type=\"heading.default\">\n\t\t\t\t<div class=\"elementor-widget-container\">\n\t\t\t<h2 class=\"elementor-heading-title elementor-size-default elementor-heading-title elementor-size-default\">Scopri i prodotti di Guarnizioni e profili <\/h2>\t\t<\/div>\n\t\t\t\t<\/div>\n\t\t\t\t\t<\/div>\n\t\t<\/div>\n\t\t\t\t\t\t\t<\/div>\n\t\t<\/section>\n\t\t\t\t<section class=\"elementor-section elementor-top-section elementor-element elementor-element-72a02b9d elementor-section-boxed elementor-section-height-default elementor-section-height-default\" data-id=\"72a02b9d\" data-element_type=\"section\" data-settings=\"{&quot;background_background&quot;:&quot;classic&quot;}\">\n\t\t\t\t\t\t<div class=\"elementor-container elementor-column-gap-default\">\n\t\t\t\t\t<div class=\"elementor-column elementor-col-100 elementor-top-column elementor-element elementor-element-c3d7df1 elementor-invisible\" data-id=\"c3d7df1\" data-element_type=\"column\" data-settings=\"{&quot;animation&quot;:&quot;fadeInUp&quot;,&quot;animation_delay&quot;:200}\">\n\t\t\t<div class=\"elementor-widget-wrap elementor-element-populated\">\n\t\t\t\t\t\t\t\t<div class=\"elementor-element elementor-element-2b2464df prodotti elementor-widget elementor-widget-sm-menu-links\" data-id=\"2b2464df\" data-element_type=\"widget\" data-widget_type=\"sm-menu-links.default\">\n\t\t\t\t<div class=\"elementor-widget-container\">\n\t\t\t\t\n\t\t<ul class=\"man_menu_links menu\">\n\t\t\t\t\t<li>\n\t\t\t\t<a href=\"https:\/\/www.unigasket.it\/nbr-epdm-fkm-sil\/\">Profili NBR \u2013 EPDM \u2013 FKM \u2013 SIL<\/a>\n\t\t\t<\/li>\n\t\t\t\t\t<li>\n\t\t\t\t<a href=\"https:\/\/www.unigasket.it\/guarnizioni-serramenti\/\">Guarnizioni per serramenti<\/a>\n\t\t\t<\/li>\n\t\t\t\t\t<li>\n\t\t\t\t<a href=\"https:\/\/www.unigasket.it\/guarnizioni-trattori\/\">Guarnizioni trattori<\/a>\n\t\t\t<\/li>\n\t\t\t\t\t<li>\n\t\t\t\t<a href=\"https:\/\/www.unigasket.it\/guarnizioni-auto\/\">Guarnizioni auto<\/a>\n\t\t\t<\/li>\n\t\t\t\t\t<li>\n\t\t\t\t<a href=\"https:\/\/www.unigasket.it\/guarnizioni-elettrodomestici\/\">Guarnizioni per elettrodomestici<\/a>\n\t\t\t<\/li>\n\t\t\t\t\t<li>\n\t\t\t\t<a href=\"https:\/\/www.unigasket.it\/guarnizioni-impianti-solari-termici\/\">Guarnizioni per impianto solare e termico<\/a>\n\t\t\t<\/li>\n\t\t\t\t<\/ul>\n\n\t\t\t<\/div>\n\t\t\t\t<\/div>\n\t\t\t\t\t<\/div>\n\t\t<\/div>\n\t\t\t\t\t\t\t<\/div>\n\t\t<\/section>\n\t\t\t\t<section class=\"elementor-section elementor-top-section elementor-element elementor-element-13f1f012 elementor-section-content-middle elementor-section-boxed elementor-section-height-default elementor-section-height-default\" data-id=\"13f1f012\" data-element_type=\"section\" data-settings=\"{&quot;background_background&quot;:&quot;classic&quot;}\">\n\t\t\t\t\t\t<div class=\"elementor-container elementor-column-gap-default\">\n\t\t\t\t\t<div class=\"elementor-column elementor-col-50 elementor-top-column elementor-element elementor-element-7538dde0 elementor-invisible\" data-id=\"7538dde0\" data-element_type=\"column\" data-settings=\"{&quot;animation&quot;:&quot;fadeIn&quot;}\">\n\t\t\t<div class=\"elementor-widget-wrap elementor-element-populated\">\n\t\t\t\t\t\t\t\t<div class=\"sm_display_inline elementor-element elementor-element-576427a6 elementor-widget elementor-widget-heading\" data-id=\"576427a6\" data-element_type=\"widget\" data-widget_type=\"heading.default\">\n\t\t\t\t<div class=\"elementor-widget-container\">\n\t\t\t<div class=\"elementor-heading-title elementor-size-default elementor-heading-title elementor-size-default elementor-align-after-mobile-center\">Contattaci per maggiori informazioni<\/div>\t\t<\/div>\n\t\t\t\t<\/div>\n\t\t\t\t\t<\/div>\n\t\t<\/div>\n\t\t\t\t<div class=\"elementor-column elementor-col-50 elementor-top-column elementor-element elementor-element-2107fb elementor-invisible\" data-id=\"2107fb\" data-element_type=\"column\" data-settings=\"{&quot;animation&quot;:&quot;fadeIn&quot;,&quot;animation_delay&quot;:200}\">\n\t\t\t<div class=\"elementor-widget-wrap elementor-element-populated\">\n\t\t\t\t\t\t\t\t<div class=\"elementor-element elementor-element-65003345 elementor-widget elementor-widget-sm-default-button\" data-id=\"65003345\" data-element_type=\"widget\" data-widget_type=\"sm-default-button.default\">\n\t\t\t\t<div class=\"elementor-widget-container\">\n\t\t\t\n\t\t\t\t<a   href=\"https:\/\/www.unigasket.it\/it\/\/contatti\/\" class=\"btn  btn_transparent \">Contatti<i class=\"ti ti-arrow-right\"><\/i><\/a>\n\t\t\n\t\t\t<\/div>\n\t\t\t\t<\/div>\n\t\t\t\t\t<\/div>\n\t\t<\/div>\n\t\t\t\t\t\t\t<\/div>\n\t\t<\/section>\n\t\t\t\t\t\t<\/div>\n\t\t\t\t\t<\/div>\n\t\t","protected":false},"excerpt":{"rendered":"<p>Guarnizioni e profili Guarnizioni e profili Unigasket \u00e8 tra i pi\u00f9 importanti produttori di tubi e profili in&#8230;<\/p>\n","protected":false},"author":1,"featured_media":0,"parent":0,"menu_order":0,"comment_status":"closed","ping_status":"closed","template":"elementor_canvas","meta":{"footnotes":""},"class_list":["post-11685","page","type-page","status-publish","hentry"],"yoast_head":"<!-- This site is optimized with the Yoast SEO plugin v27.4 - https:\/\/yoast.com\/product\/yoast-seo-wordpress\/ -->\n<title>Guarnizioni e profili OLD - Unigasket<\/title>\n<meta name=\"description\" content=\"Guarnizioni e profili Guarnizioni e profili Unigasket \u00e8 tra i pi\u00f9 importanti produttori di tubi e profili in silicone e grazie alle sue capacit\u00e0 di\" \/>\n<meta name=\"robots\" content=\"index, follow, max-snippet:-1, max-image-preview:large, max-video-preview:-1\" \/>\n<link rel=\"canonical\" href=\"https:\/\/www.unigasket.it\/it\/guarnizioni-profili-2\/\" \/>\n<meta property=\"og:locale\" content=\"it_IT\" \/>\n<meta property=\"og:type\" content=\"article\" \/>\n<meta property=\"og:title\" content=\"Guarnizioni e profili OLD - Unigasket\" \/>\n<meta property=\"og:description\" content=\"Guarnizioni e profili Guarnizioni e profili Unigasket \u00e8 tra i pi\u00f9 importanti produttori di tubi e profili in silicone e grazie alle sue capacit\u00e0 di\" \/>\n<meta property=\"og:url\" content=\"https:\/\/www.unigasket.it\/it\/guarnizioni-profili-2\/\" \/>\n<meta property=\"og:site_name\" content=\"Unigasket\" \/>\n<meta property=\"article:modified_time\" content=\"2022-08-10T11:57:36+00:00\" \/>\n<meta name=\"twitter:card\" content=\"summary_large_image\" \/>\n<meta name=\"twitter:label1\" content=\"Tempo di lettura stimato\" \/>\n\t<meta name=\"twitter:data1\" content=\"2 minuti\" \/>\n<script type=\"application\/ld+json\" class=\"yoast-schema-graph\">{\"@context\":\"https:\\\/\\\/schema.org\",\"@graph\":[{\"@type\":\"WebPage\",\"@id\":\"https:\\\/\\\/www.unigasket.it\\\/it\\\/guarnizioni-profili-2\\\/\",\"url\":\"https:\\\/\\\/www.unigasket.it\\\/it\\\/guarnizioni-profili-2\\\/\",\"name\":\"Guarnizioni e profili OLD - Unigasket\",\"isPartOf\":{\"@id\":\"https:\\\/\\\/www.unigasket.it\\\/it\\\/#website\"},\"datePublished\":\"2022-07-20T16:01:55+00:00\",\"dateModified\":\"2022-08-10T11:57:36+00:00\",\"description\":\"Guarnizioni e profili Guarnizioni e profili Unigasket \u00e8 tra i pi\u00f9 importanti produttori di tubi e profili in silicone e grazie alle sue capacit\u00e0 di\",\"breadcrumb\":{\"@id\":\"https:\\\/\\\/www.unigasket.it\\\/it\\\/guarnizioni-profili-2\\\/#breadcrumb\"},\"inLanguage\":\"it-IT\",\"potentialAction\":[{\"@type\":\"ReadAction\",\"target\":[\"https:\\\/\\\/www.unigasket.it\\\/it\\\/guarnizioni-profili-2\\\/\"]}]},{\"@type\":\"BreadcrumbList\",\"@id\":\"https:\\\/\\\/www.unigasket.it\\\/it\\\/guarnizioni-profili-2\\\/#breadcrumb\",\"itemListElement\":[{\"@type\":\"ListItem\",\"position\":1,\"name\":\"Home\",\"item\":\"https:\\\/\\\/www.unigasket.it\\\/it\\\/\"},{\"@type\":\"ListItem\",\"position\":2,\"name\":\"Guarnizioni e profili OLD\"}]},{\"@type\":\"WebSite\",\"@id\":\"https:\\\/\\\/www.unigasket.it\\\/it\\\/#website\",\"url\":\"https:\\\/\\\/www.unigasket.it\\\/it\\\/\",\"name\":\"Unigasket\",\"description\":\"The future is here\",\"publisher\":{\"@id\":\"https:\\\/\\\/www.unigasket.it\\\/it\\\/#organization\"},\"potentialAction\":[{\"@type\":\"SearchAction\",\"target\":{\"@type\":\"EntryPoint\",\"urlTemplate\":\"https:\\\/\\\/www.unigasket.it\\\/it\\\/?s={search_term_string}\"},\"query-input\":{\"@type\":\"PropertyValueSpecification\",\"valueRequired\":true,\"valueName\":\"search_term_string\"}}],\"inLanguage\":\"it-IT\"},{\"@type\":\"Organization\",\"@id\":\"https:\\\/\\\/www.unigasket.it\\\/it\\\/#organization\",\"name\":\"Unigasket\",\"url\":\"https:\\\/\\\/www.unigasket.it\\\/it\\\/\",\"logo\":{\"@type\":\"ImageObject\",\"inLanguage\":\"it-IT\",\"@id\":\"https:\\\/\\\/www.unigasket.it\\\/it\\\/#\\\/schema\\\/logo\\\/image\\\/\",\"url\":\"https:\\\/\\\/www.unigasket.it\\\/wp-content\\\/uploads\\\/2018\\\/07\\\/logo-unigasket.png\",\"contentUrl\":\"https:\\\/\\\/www.unigasket.it\\\/wp-content\\\/uploads\\\/2018\\\/07\\\/logo-unigasket.png\",\"width\":600,\"height\":147,\"caption\":\"Unigasket\"},\"image\":{\"@id\":\"https:\\\/\\\/www.unigasket.it\\\/it\\\/#\\\/schema\\\/logo\\\/image\\\/\"},\"sameAs\":[\"https:\\\/\\\/it.linkedin.com\\\/company\\\/unigasket-srl\"]}]}<\/script>\n<!-- \/ Yoast SEO plugin. -->","yoast_head_json":{"title":"Guarnizioni e profili OLD - Unigasket","description":"Guarnizioni e profili Guarnizioni e profili Unigasket \u00e8 tra i pi\u00f9 importanti produttori di tubi e profili in silicone e grazie alle sue capacit\u00e0 di","robots":{"index":"index","follow":"follow","max-snippet":"max-snippet:-1","max-image-preview":"max-image-preview:large","max-video-preview":"max-video-preview:-1"},"canonical":"https:\/\/www.unigasket.it\/it\/guarnizioni-profili-2\/","og_locale":"it_IT","og_type":"article","og_title":"Guarnizioni e profili OLD - Unigasket","og_description":"Guarnizioni e profili Guarnizioni e profili Unigasket \u00e8 tra i pi\u00f9 importanti produttori di tubi e profili in silicone e grazie alle sue capacit\u00e0 di","og_url":"https:\/\/www.unigasket.it\/it\/guarnizioni-profili-2\/","og_site_name":"Unigasket","article_modified_time":"2022-08-10T11:57:36+00:00","twitter_card":"summary_large_image","twitter_misc":{"Tempo di lettura stimato":"2 minuti"},"schema":{"@context":"https:\/\/schema.org","@graph":[{"@type":"WebPage","@id":"https:\/\/www.unigasket.it\/it\/guarnizioni-profili-2\/","url":"https:\/\/www.unigasket.it\/it\/guarnizioni-profili-2\/","name":"Guarnizioni e profili OLD - Unigasket","isPartOf":{"@id":"https:\/\/www.unigasket.it\/it\/#website"},"datePublished":"2022-07-20T16:01:55+00:00","dateModified":"2022-08-10T11:57:36+00:00","description":"Guarnizioni e profili Guarnizioni e profili Unigasket \u00e8 tra i pi\u00f9 importanti produttori di tubi e profili in silicone e grazie alle sue capacit\u00e0 di","breadcrumb":{"@id":"https:\/\/www.unigasket.it\/it\/guarnizioni-profili-2\/#breadcrumb"},"inLanguage":"it-IT","potentialAction":[{"@type":"ReadAction","target":["https:\/\/www.unigasket.it\/it\/guarnizioni-profili-2\/"]}]},{"@type":"BreadcrumbList","@id":"https:\/\/www.unigasket.it\/it\/guarnizioni-profili-2\/#breadcrumb","itemListElement":[{"@type":"ListItem","position":1,"name":"Home","item":"https:\/\/www.unigasket.it\/it\/"},{"@type":"ListItem","position":2,"name":"Guarnizioni e profili OLD"}]},{"@type":"WebSite","@id":"https:\/\/www.unigasket.it\/it\/#website","url":"https:\/\/www.unigasket.it\/it\/","name":"Unigasket","description":"The future is here","publisher":{"@id":"https:\/\/www.unigasket.it\/it\/#organization"},"potentialAction":[{"@type":"SearchAction","target":{"@type":"EntryPoint","urlTemplate":"https:\/\/www.unigasket.it\/it\/?s={search_term_string}"},"query-input":{"@type":"PropertyValueSpecification","valueRequired":true,"valueName":"search_term_string"}}],"inLanguage":"it-IT"},{"@type":"Organization","@id":"https:\/\/www.unigasket.it\/it\/#organization","name":"Unigasket","url":"https:\/\/www.unigasket.it\/it\/","logo":{"@type":"ImageObject","inLanguage":"it-IT","@id":"https:\/\/www.unigasket.it\/it\/#\/schema\/logo\/image\/","url":"https:\/\/www.unigasket.it\/wp-content\/uploads\/2018\/07\/logo-unigasket.png","contentUrl":"https:\/\/www.unigasket.it\/wp-content\/uploads\/2018\/07\/logo-unigasket.png","width":600,"height":147,"caption":"Unigasket"},"image":{"@id":"https:\/\/www.unigasket.it\/it\/#\/schema\/logo\/image\/"},"sameAs":["https:\/\/it.linkedin.com\/company\/unigasket-srl"]}]}},"_links":{"self":[{"href":"https:\/\/www.unigasket.it\/it\/wp-json\/wp\/v2\/pages\/11685","targetHints":{"allow":["GET"]}}],"collection":[{"href":"https:\/\/www.unigasket.it\/it\/wp-json\/wp\/v2\/pages"}],"about":[{"href":"https:\/\/www.unigasket.it\/it\/wp-json\/wp\/v2\/types\/page"}],"author":[{"embeddable":true,"href":"https:\/\/www.unigasket.it\/it\/wp-json\/wp\/v2\/users\/1"}],"replies":[{"embeddable":true,"href":"https:\/\/www.unigasket.it\/it\/wp-json\/wp\/v2\/comments?post=11685"}],"version-history":[{"count":5,"href":"https:\/\/www.unigasket.it\/it\/wp-json\/wp\/v2\/pages\/11685\/revisions"}],"predecessor-version":[{"id":11853,"href":"https:\/\/www.unigasket.it\/it\/wp-json\/wp\/v2\/pages\/11685\/revisions\/11853"}],"wp:attachment":[{"href":"https:\/\/www.unigasket.it\/it\/wp-json\/wp\/v2\/media?parent=11685"}],"curies":[{"name":"wp","href":"https:\/\/api.w.org\/{rel}","templated":true}]}}