{"id":15357,"date":"2025-06-19T09:34:20","date_gmt":"2025-06-19T07:34:20","guid":{"rendered":"https:\/\/www.unigasket.it\/?page_id=15357"},"modified":"2026-02-03T11:58:20","modified_gmt":"2026-02-03T10:58:20","slug":"compatibilita-chimiche","status":"publish","type":"page","link":"https:\/\/www.unigasket.it\/it\/compatibilita-chimiche\/","title":{"rendered":"Compatibilit\u00e0 chimiche"},"content":{"rendered":"\t\t<div data-elementor-type=\"wp-post\" data-elementor-id=\"15357\" class=\"elementor elementor-15357\" data-elementor-settings=\"[]\">\n\t\t\t\t\t\t\t<div class=\"elementor-section-wrap\">\n\t\t\t\t\t\t\t<section class=\"elementor-section elementor-top-section elementor-element elementor-element-2979ab9 elementor-section-height-min-height elementor-section-boxed elementor-section-height-default elementor-section-items-middle\" data-id=\"2979ab9\" data-element_type=\"section\" data-settings=\"{&quot;background_background&quot;:&quot;classic&quot;}\">\n\t\t\t\t\t\t\t<div class=\"elementor-background-overlay\"><\/div>\n\t\t\t\t\t\t\t<div class=\"elementor-container elementor-column-gap-default\">\n\t\t\t\t\t<div class=\"elementor-column elementor-col-100 elementor-top-column elementor-element elementor-element-0071aa5\" data-id=\"0071aa5\" data-element_type=\"column\">\n\t\t\t<div class=\"elementor-widget-wrap elementor-element-populated\">\n\t\t\t\t\t\t\t\t<div class=\"elementor-element elementor-element-e01a599 elementor-widget elementor-widget-heading\" data-id=\"e01a599\" data-element_type=\"widget\" data-widget_type=\"heading.default\">\n\t\t\t\t<div class=\"elementor-widget-container\">\n\t\t\t<h1 class=\"elementor-heading-title elementor-size-default elementor-heading-title elementor-size-default elementor-align-after-center\">Compatibilit\u00e0 chimiche<\/h1>\t\t<\/div>\n\t\t\t\t<\/div>\n\t\t\t\t<div class=\"elementor-element elementor-element-8f6ce82 elementor-widget elementor-widget-wp-widget-bcn_widget\" data-id=\"8f6ce82\" data-element_type=\"widget\" data-widget_type=\"wp-widget-bcn_widget.default\">\n\t\t\t\t<div class=\"elementor-widget-container\">\n\t\t\t<ol class=\"breadcrumb_trail breadcrumbs\"><li class=\"home\"><span property=\"itemListElement\" typeof=\"ListItem\"><a property=\"item\" typeof=\"WebPage\" title=\"Vai a Unigasket.\" href=\"https:\/\/www.unigasket.it\/it\/\" class=\"home\" aria-current=\"page\"><span property=\"name\">Unigasket<\/span><\/a><meta property=\"position\" content=\"1\"><\/span><\/li>\n<\/ol>\t\t<\/div>\n\t\t\t\t<\/div>\n\t\t\t\t\t<\/div>\n\t\t<\/div>\n\t\t\t\t\t\t\t<\/div>\n\t\t<\/section>\n\t\t\t\t<section class=\"elementor-section elementor-top-section elementor-element elementor-element-fbd7258 elementor-section-boxed elementor-section-height-default elementor-section-height-default\" data-id=\"fbd7258\" data-element_type=\"section\" data-settings=\"{&quot;background_background&quot;:&quot;classic&quot;}\">\n\t\t\t\t\t\t<div class=\"elementor-container elementor-column-gap-default\">\n\t\t\t\t\t<div class=\"elementor-column elementor-col-100 elementor-top-column elementor-element elementor-element-a050170\" data-id=\"a050170\" data-element_type=\"column\">\n\t\t\t<div class=\"elementor-widget-wrap elementor-element-populated\">\n\t\t\t\t\t\t\t\t<div class=\"elementor-element elementor-element-886132c elementor-invisible elementor-widget elementor-widget-heading\" data-id=\"886132c\" data-element_type=\"widget\" data-settings=\"{&quot;_animation&quot;:&quot;fadeIn&quot;}\" data-widget_type=\"heading.default\">\n\t\t\t\t<div class=\"elementor-widget-container\">\n\t\t\t<h2 class=\"elementor-heading-title elementor-size-default elementor-heading-title elementor-size-default elementor-align-after-center\">Compatibilit\u00e0 chimica dei materiali plastici per\napplicazioni industriali e automotive<\/h2>\t\t<\/div>\n\t\t\t\t<\/div>\n\t\t\t\t<div class=\"elementor-element elementor-element-44c282b elementor-invisible elementor-widget elementor-widget-text-editor\" data-id=\"44c282b\" data-element_type=\"widget\" data-settings=\"{&quot;_animation&quot;:&quot;fadeIn&quot;}\" data-widget_type=\"text-editor.default\">\n\t\t\t\t<div class=\"elementor-widget-container\">\n\t\t\t\t\t\t\t<p>I materiali plastici ad alte prestazioni che utilizziamo sono selezionati per garantire eccellenti propriet\u00e0 meccaniche e, soprattutto, un\u2019elevata <strong>resistenza chimica<\/strong>.\u00a0<\/p><p>Per supportare progettisti, tecnici e responsabili qualit\u00e0 nella scelta dei materiali pi\u00f9 adatti, abbiamo realizzato una <strong>tabella di compatibilit\u00e0 chimica<\/strong> aggiornata, frutto della collaborazione con i principali produttori di materie prime. Il documento riassume il comportamento dei materiali plastici a contatto con liquidi e sostanze chimiche come:<\/p><p>\u25cf oli e grassi industriali<\/p><p>\u25cf carburanti (diesel, benzina, biodiesel)<\/p><p>\u25cf refrigeranti<\/p><p>\u25cf solventi organici<\/p><p>\u25cf fluidi idraulici<\/p><p>\u25cf detergenti e agenti sgrassanti<\/p><p>La <strong>compatibilit\u00e0 chimica dei polimeri<\/strong> dipende da numerosi fattori: temperatura di esercizio, pressione, tempo di esposizione e carichi meccanici. Pertanto, i dati forniti rappresentano <strong>indicazioni preliminari<\/strong>, utili per un primo orientamento nella progettazione.<\/p><p><strong>Scarica ora la tabella tecnica di compatibilit\u00e0 chimica<\/strong> per scoprire quali materiali sono pi\u00f9 adatti alle tue esigenze applicative.<\/p>\t\t\t\t\t\t<\/div>\n\t\t\t\t<\/div>\n\t\t\t\t\t<\/div>\n\t\t<\/div>\n\t\t\t\t\t\t\t<\/div>\n\t\t<\/section>\n\t\t\t\t<section class=\"elementor-section elementor-top-section elementor-element elementor-element-eb7c366 elementor-section-boxed elementor-section-height-default elementor-section-height-default\" data-id=\"eb7c366\" data-element_type=\"section\">\n\t\t\t\t\t\t<div class=\"elementor-container elementor-column-gap-default\">\n\t\t\t\t\t<div class=\"elementor-column elementor-col-100 elementor-top-column elementor-element elementor-element-13a84fc\" data-id=\"13a84fc\" data-element_type=\"column\">\n\t\t\t<div class=\"elementor-widget-wrap elementor-element-populated\">\n\t\t\t\t\t\t\t\t<div class=\"elementor-element elementor-element-82d6170 elementor-button-info elementor-align-center elementor-widget elementor-widget-button\" data-id=\"82d6170\" data-element_type=\"widget\" data-widget_type=\"button.default\">\n\t\t\t\t<div class=\"elementor-widget-container\">\n\t\t\t\t\t<div class=\"elementor-button-wrapper\">\n\t\t\t<a href=\"https:\/\/www.unigasket.it\/wp-content\/uploads\/2025\/07\/Unigasket_Compatibilita_chimiche.pdf\" target=\"_blank\" class=\"elementor-button-link elementor-button elementor-size-sm\" role=\"button\">\n\t\t\t\t\t\t<span class=\"elementor-button-content-wrapper\">\n\t\t\t\t\t\t<span class=\"elementor-button-text\">Scarica il documento<\/span>\n\t\t<\/span>\n\t\t\t\t\t<\/a>\n\t\t<\/div>\n\t\t\t\t<\/div>\n\t\t\t\t<\/div>\n\t\t\t\t\t<\/div>\n\t\t<\/div>\n\t\t\t\t\t\t\t<\/div>\n\t\t<\/section>\n\t\t\t\t\t\t<\/div>\n\t\t\t\t\t<\/div>\n\t\t","protected":false},"excerpt":{"rendered":"<p>Compatibilit\u00e0 chimiche Compatibilit\u00e0 chimica dei materiali plastici per applicazioni industriali e automotive I materiali plastici ad alte prestazioni&#8230;<\/p>\n","protected":false},"author":16,"featured_media":0,"parent":0,"menu_order":0,"comment_status":"closed","ping_status":"closed","template":"elementor_canvas","meta":{"footnotes":""},"class_list":["post-15357","page","type-page","status-publish","hentry"],"yoast_head":"<!-- This site is optimized with the Yoast SEO plugin v26.9 - https:\/\/yoast.com\/product\/yoast-seo-wordpress\/ -->\n<title>Compatibilit\u00e0 chimiche - Unigasket<\/title>\n<meta name=\"description\" content=\"Compatibilit\u00e0 chimiche Compatibilit\u00e0 chimica dei materiali plastici per applicazioni industriali e automotive I materiali plastici ad alte prestazioni che\" \/>\n<meta name=\"robots\" content=\"index, follow, max-snippet:-1, max-image-preview:large, max-video-preview:-1\" \/>\n<link rel=\"canonical\" href=\"https:\/\/www.unigasket.it\/it\/compatibilita-chimiche\/\" \/>\n<meta property=\"og:locale\" content=\"it_IT\" \/>\n<meta property=\"og:type\" content=\"article\" \/>\n<meta property=\"og:title\" content=\"Compatibilit\u00e0 chimiche - Unigasket\" \/>\n<meta property=\"og:description\" content=\"Compatibilit\u00e0 chimiche Compatibilit\u00e0 chimica dei materiali plastici per applicazioni industriali e automotive I materiali plastici ad alte prestazioni che\" \/>\n<meta property=\"og:url\" content=\"https:\/\/www.unigasket.it\/it\/compatibilita-chimiche\/\" \/>\n<meta property=\"og:site_name\" content=\"Unigasket\" \/>\n<meta property=\"article:modified_time\" content=\"2026-02-03T10:58:20+00:00\" \/>\n<meta name=\"twitter:card\" content=\"summary_large_image\" \/>\n<meta name=\"twitter:label1\" content=\"Tempo di lettura stimato\" \/>\n\t<meta name=\"twitter:data1\" content=\"4 minuti\" \/>\n<script type=\"application\/ld+json\" class=\"yoast-schema-graph\">{\"@context\":\"https:\/\/schema.org\",\"@graph\":[{\"@type\":\"WebPage\",\"@id\":\"https:\/\/www.unigasket.it\/it\/compatibilita-chimiche\/\",\"url\":\"https:\/\/www.unigasket.it\/it\/compatibilita-chimiche\/\",\"name\":\"Compatibilit\u00e0 chimiche - Unigasket\",\"isPartOf\":{\"@id\":\"https:\/\/www.unigasket.it\/it\/#website\"},\"datePublished\":\"2025-06-19T07:34:20+00:00\",\"dateModified\":\"2026-02-03T10:58:20+00:00\",\"description\":\"Compatibilit\u00e0 chimiche Compatibilit\u00e0 chimica dei materiali plastici per applicazioni industriali e automotive I materiali plastici ad alte prestazioni che\",\"breadcrumb\":{\"@id\":\"https:\/\/www.unigasket.it\/it\/compatibilita-chimiche\/#breadcrumb\"},\"inLanguage\":\"it-IT\",\"potentialAction\":[{\"@type\":\"ReadAction\",\"target\":[\"https:\/\/www.unigasket.it\/it\/compatibilita-chimiche\/\"]}]},{\"@type\":\"BreadcrumbList\",\"@id\":\"https:\/\/www.unigasket.it\/it\/compatibilita-chimiche\/#breadcrumb\",\"itemListElement\":[{\"@type\":\"ListItem\",\"position\":1,\"name\":\"Home\",\"item\":\"https:\/\/www.unigasket.it\/it\/\"},{\"@type\":\"ListItem\",\"position\":2,\"name\":\"Compatibilit\u00e0 chimiche\"}]},{\"@type\":\"WebSite\",\"@id\":\"https:\/\/www.unigasket.it\/it\/#website\",\"url\":\"https:\/\/www.unigasket.it\/it\/\",\"name\":\"Unigasket\",\"description\":\"The future is here\",\"publisher\":{\"@id\":\"https:\/\/www.unigasket.it\/it\/#organization\"},\"potentialAction\":[{\"@type\":\"SearchAction\",\"target\":{\"@type\":\"EntryPoint\",\"urlTemplate\":\"https:\/\/www.unigasket.it\/it\/?s={search_term_string}\"},\"query-input\":{\"@type\":\"PropertyValueSpecification\",\"valueRequired\":true,\"valueName\":\"search_term_string\"}}],\"inLanguage\":\"it-IT\"},{\"@type\":\"Organization\",\"@id\":\"https:\/\/www.unigasket.it\/it\/#organization\",\"name\":\"Unigasket\",\"url\":\"https:\/\/www.unigasket.it\/it\/\",\"logo\":{\"@type\":\"ImageObject\",\"inLanguage\":\"it-IT\",\"@id\":\"https:\/\/www.unigasket.it\/it\/#\/schema\/logo\/image\/\",\"url\":\"https:\/\/www.unigasket.it\/wp-content\/uploads\/2018\/07\/logo-unigasket.png\",\"contentUrl\":\"https:\/\/www.unigasket.it\/wp-content\/uploads\/2018\/07\/logo-unigasket.png\",\"width\":600,\"height\":147,\"caption\":\"Unigasket\"},\"image\":{\"@id\":\"https:\/\/www.unigasket.it\/it\/#\/schema\/logo\/image\/\"},\"sameAs\":[\"https:\/\/it.linkedin.com\/company\/unigasket-srl\"]}]}<\/script>\n<!-- \/ Yoast SEO plugin. -->","yoast_head_json":{"title":"Compatibilit\u00e0 chimiche - Unigasket","description":"Compatibilit\u00e0 chimiche Compatibilit\u00e0 chimica dei materiali plastici per applicazioni industriali e automotive I materiali plastici ad alte prestazioni che","robots":{"index":"index","follow":"follow","max-snippet":"max-snippet:-1","max-image-preview":"max-image-preview:large","max-video-preview":"max-video-preview:-1"},"canonical":"https:\/\/www.unigasket.it\/it\/compatibilita-chimiche\/","og_locale":"it_IT","og_type":"article","og_title":"Compatibilit\u00e0 chimiche - Unigasket","og_description":"Compatibilit\u00e0 chimiche Compatibilit\u00e0 chimica dei materiali plastici per applicazioni industriali e automotive I materiali plastici ad alte prestazioni che","og_url":"https:\/\/www.unigasket.it\/it\/compatibilita-chimiche\/","og_site_name":"Unigasket","article_modified_time":"2026-02-03T10:58:20+00:00","twitter_card":"summary_large_image","twitter_misc":{"Tempo di lettura stimato":"4 minuti"},"schema":{"@context":"https:\/\/schema.org","@graph":[{"@type":"WebPage","@id":"https:\/\/www.unigasket.it\/it\/compatibilita-chimiche\/","url":"https:\/\/www.unigasket.it\/it\/compatibilita-chimiche\/","name":"Compatibilit\u00e0 chimiche - Unigasket","isPartOf":{"@id":"https:\/\/www.unigasket.it\/it\/#website"},"datePublished":"2025-06-19T07:34:20+00:00","dateModified":"2026-02-03T10:58:20+00:00","description":"Compatibilit\u00e0 chimiche Compatibilit\u00e0 chimica dei materiali plastici per applicazioni industriali e automotive I materiali plastici ad alte prestazioni che","breadcrumb":{"@id":"https:\/\/www.unigasket.it\/it\/compatibilita-chimiche\/#breadcrumb"},"inLanguage":"it-IT","potentialAction":[{"@type":"ReadAction","target":["https:\/\/www.unigasket.it\/it\/compatibilita-chimiche\/"]}]},{"@type":"BreadcrumbList","@id":"https:\/\/www.unigasket.it\/it\/compatibilita-chimiche\/#breadcrumb","itemListElement":[{"@type":"ListItem","position":1,"name":"Home","item":"https:\/\/www.unigasket.it\/it\/"},{"@type":"ListItem","position":2,"name":"Compatibilit\u00e0 chimiche"}]},{"@type":"WebSite","@id":"https:\/\/www.unigasket.it\/it\/#website","url":"https:\/\/www.unigasket.it\/it\/","name":"Unigasket","description":"The future is here","publisher":{"@id":"https:\/\/www.unigasket.it\/it\/#organization"},"potentialAction":[{"@type":"SearchAction","target":{"@type":"EntryPoint","urlTemplate":"https:\/\/www.unigasket.it\/it\/?s={search_term_string}"},"query-input":{"@type":"PropertyValueSpecification","valueRequired":true,"valueName":"search_term_string"}}],"inLanguage":"it-IT"},{"@type":"Organization","@id":"https:\/\/www.unigasket.it\/it\/#organization","name":"Unigasket","url":"https:\/\/www.unigasket.it\/it\/","logo":{"@type":"ImageObject","inLanguage":"it-IT","@id":"https:\/\/www.unigasket.it\/it\/#\/schema\/logo\/image\/","url":"https:\/\/www.unigasket.it\/wp-content\/uploads\/2018\/07\/logo-unigasket.png","contentUrl":"https:\/\/www.unigasket.it\/wp-content\/uploads\/2018\/07\/logo-unigasket.png","width":600,"height":147,"caption":"Unigasket"},"image":{"@id":"https:\/\/www.unigasket.it\/it\/#\/schema\/logo\/image\/"},"sameAs":["https:\/\/it.linkedin.com\/company\/unigasket-srl"]}]}},"_links":{"self":[{"href":"https:\/\/www.unigasket.it\/it\/wp-json\/wp\/v2\/pages\/15357","targetHints":{"allow":["GET"]}}],"collection":[{"href":"https:\/\/www.unigasket.it\/it\/wp-json\/wp\/v2\/pages"}],"about":[{"href":"https:\/\/www.unigasket.it\/it\/wp-json\/wp\/v2\/types\/page"}],"author":[{"embeddable":true,"href":"https:\/\/www.unigasket.it\/it\/wp-json\/wp\/v2\/users\/16"}],"replies":[{"embeddable":true,"href":"https:\/\/www.unigasket.it\/it\/wp-json\/wp\/v2\/comments?post=15357"}],"version-history":[{"count":19,"href":"https:\/\/www.unigasket.it\/it\/wp-json\/wp\/v2\/pages\/15357\/revisions"}],"predecessor-version":[{"id":15493,"href":"https:\/\/www.unigasket.it\/it\/wp-json\/wp\/v2\/pages\/15357\/revisions\/15493"}],"wp:attachment":[{"href":"https:\/\/www.unigasket.it\/it\/wp-json\/wp\/v2\/media?parent=15357"}],"curies":[{"name":"wp","href":"https:\/\/api.w.org\/{rel}","templated":true}]}}