{"id":2033,"date":"2021-04-16T22:44:33","date_gmt":"2021-04-16T20:44:33","guid":{"rendered":"https:\/\/www.unigasket.it\/?page_id=2033"},"modified":"2022-11-25T16:31:01","modified_gmt":"2022-11-25T15:31:01","slug":"prodotti-in-camera-bianca","status":"publish","type":"page","link":"https:\/\/www.unigasket.it\/it\/prodotti-in-camera-bianca\/","title":{"rendered":"Prodotti in Camera Bianca"},"content":{"rendered":"\t\t<div data-elementor-type=\"wp-post\" data-elementor-id=\"2033\" class=\"elementor elementor-2033\" data-elementor-settings=\"[]\">\n\t\t\t\t\t\t\t<div class=\"elementor-section-wrap\">\n\t\t\t\t\t\t\t<section class=\"elementor-section elementor-top-section elementor-element elementor-element-15b804b8 elementor-section-height-min-height elementor-section-boxed elementor-section-height-default elementor-section-items-middle\" data-id=\"15b804b8\" data-element_type=\"section\" data-settings=\"{&quot;background_background&quot;:&quot;classic&quot;}\">\n\t\t\t\t\t\t\t<div class=\"elementor-background-overlay\"><\/div>\n\t\t\t\t\t\t\t<div class=\"elementor-container elementor-column-gap-default\">\n\t\t\t\t\t<div class=\"elementor-column elementor-col-100 elementor-top-column elementor-element elementor-element-374853b4\" data-id=\"374853b4\" data-element_type=\"column\">\n\t\t\t<div class=\"elementor-widget-wrap elementor-element-populated\">\n\t\t\t\t\t\t\t\t<div class=\"elementor-element elementor-element-292c551f elementor-widget elementor-widget-heading\" data-id=\"292c551f\" data-element_type=\"widget\" data-widget_type=\"heading.default\">\n\t\t\t\t<div class=\"elementor-widget-container\">\n\t\t\t<h1 class=\"elementor-heading-title elementor-size-default elementor-heading-title elementor-size-default elementor-align-after-center\">Prodotti in Camera Bianca<\/h1>\t\t<\/div>\n\t\t\t\t<\/div>\n\t\t\t\t<div class=\"elementor-element elementor-element-5cd6f2e elementor-widget elementor-widget-wp-widget-bcn_widget\" data-id=\"5cd6f2e\" data-element_type=\"widget\" data-widget_type=\"wp-widget-bcn_widget.default\">\n\t\t\t\t<div class=\"elementor-widget-container\">\n\t\t\t<ol class=\"breadcrumb_trail breadcrumbs\"><li class=\"home\"><span property=\"itemListElement\" typeof=\"ListItem\"><a property=\"item\" typeof=\"WebPage\" title=\"Vai a Unigasket.\" href=\"https:\/\/www.unigasket.it\/it\/\" class=\"home\" aria-current=\"page\"><span property=\"name\">Unigasket<\/span><\/a><meta property=\"position\" content=\"1\"><\/span><\/li>\n<\/ol>\t\t<\/div>\n\t\t\t\t<\/div>\n\t\t\t\t\t<\/div>\n\t\t<\/div>\n\t\t\t\t\t\t\t<\/div>\n\t\t<\/section>\n\t\t\t\t<section class=\"elementor-section elementor-top-section elementor-element elementor-element-1723bed5 elementor-section-boxed elementor-section-height-default elementor-section-height-default\" data-id=\"1723bed5\" data-element_type=\"section\" data-settings=\"{&quot;background_background&quot;:&quot;classic&quot;}\">\n\t\t\t\t\t\t<div class=\"elementor-container elementor-column-gap-default\">\n\t\t\t\t\t<div class=\"elementor-column elementor-col-50 elementor-top-column elementor-element elementor-element-7b8e9f7c\" data-id=\"7b8e9f7c\" data-element_type=\"column\">\n\t\t\t<div class=\"elementor-widget-wrap elementor-element-populated\">\n\t\t\t\t\t\t\t\t<div class=\"elementor-element elementor-element-670e8e4e elementor-widget elementor-widget-heading\" data-id=\"670e8e4e\" data-element_type=\"widget\" data-widget_type=\"heading.default\">\n\t\t\t\t<div class=\"elementor-widget-container\">\n\t\t\t<h2 class=\"elementor-heading-title elementor-size-default elementor-heading-title elementor-size-default\">Prodotti in Camera Bianca<\/h2>\t\t<\/div>\n\t\t\t\t<\/div>\n\t\t\t\t\t<\/div>\n\t\t<\/div>\n\t\t\t\t<div class=\"elementor-column elementor-col-50 elementor-top-column elementor-element elementor-element-c3f6e9\" data-id=\"c3f6e9\" data-element_type=\"column\">\n\t\t\t<div class=\"elementor-widget-wrap\">\n\t\t\t\t\t\t\t\t\t<\/div>\n\t\t<\/div>\n\t\t\t\t\t\t\t<\/div>\n\t\t<\/section>\n\t\t\t\t<section class=\"elementor-section elementor-top-section elementor-element elementor-element-69afbcba elementor-section-boxed elementor-section-height-default elementor-section-height-default\" data-id=\"69afbcba\" data-element_type=\"section\" data-settings=\"{&quot;background_background&quot;:&quot;classic&quot;}\">\n\t\t\t\t\t\t<div class=\"elementor-container elementor-column-gap-default\">\n\t\t\t\t\t<div class=\"elementor-column elementor-col-50 elementor-top-column elementor-element elementor-element-3afce9f0\" data-id=\"3afce9f0\" data-element_type=\"column\">\n\t\t\t<div class=\"elementor-widget-wrap elementor-element-populated\">\n\t\t\t\t\t\t\t\t<div class=\"elementor-element elementor-element-378a2a3b elementor-widget elementor-widget-text-editor\" data-id=\"378a2a3b\" data-element_type=\"widget\" data-widget_type=\"text-editor.default\">\n\t\t\t\t<div class=\"elementor-widget-container\">\n\t\t\t\t\t\t\tNegli ultimi anni Unigasket ha fortemente investito con lo scopo di offrire prodotti ad alto valore aggiunto e che rispettassero i pi\u00f9 elevati standard di pulizia ed igiene particolarmente richiesti in ambito medicale, alimentare e nell\u2019industria hi-tech.\t\t\t\t\t\t<\/div>\n\t\t\t\t<\/div>\n\t\t\t\t\t<\/div>\n\t\t<\/div>\n\t\t\t\t<div class=\"elementor-column elementor-col-50 elementor-top-column elementor-element elementor-element-2aafcc34\" data-id=\"2aafcc34\" data-element_type=\"column\">\n\t\t\t<div class=\"elementor-widget-wrap elementor-element-populated\">\n\t\t\t\t\t\t\t\t<div class=\"elementor-element elementor-element-5053484a elementor-widget elementor-widget-text-editor\" data-id=\"5053484a\" data-element_type=\"widget\" data-widget_type=\"text-editor.default\">\n\t\t\t\t<div class=\"elementor-widget-container\">\n\t\t\t\t\t\t\tAll\u2019interno della camera bianca certificata ISO 7 estrudiamo tubi con fluoropolimeri ad elevata purezza (in particolare PFA e FEP) e Siliconi che trovano impiego nell\u2019industria dei semiconduttori, nelle applicazioni farmaceutiche, nella filiera dell\u2019idrogeno e nell\u2019industria alimentare.\t\t\t\t\t\t<\/div>\n\t\t\t\t<\/div>\n\t\t\t\t\t<\/div>\n\t\t<\/div>\n\t\t\t\t\t\t\t<\/div>\n\t\t<\/section>\n\t\t\t\t<section class=\"elementor-section elementor-top-section elementor-element elementor-element-e811b3b elementor-reverse-mobile elementor-section-boxed elementor-section-height-default elementor-section-height-default\" data-id=\"e811b3b\" data-element_type=\"section\">\n\t\t\t\t\t\t<div class=\"elementor-container elementor-column-gap-default\">\n\t\t\t\t\t<div class=\"elementor-column elementor-col-50 elementor-top-column elementor-element elementor-element-9b3886b elementor-invisible\" data-id=\"9b3886b\" data-element_type=\"column\" data-settings=\"{&quot;background_background&quot;:&quot;classic&quot;,&quot;animation&quot;:&quot;fadeIn&quot;}\">\n\t\t\t<div class=\"elementor-widget-wrap elementor-element-populated\">\n\t\t\t\t\t\t\t\t<div class=\"elementor-element elementor-element-0b356b3 elementor-widget elementor-widget-heading\" data-id=\"0b356b3\" data-element_type=\"widget\" data-widget_type=\"heading.default\">\n\t\t\t\t<div class=\"elementor-widget-container\">\n\t\t\t<h2 class=\"elementor-heading-title elementor-size-default elementor-heading-title elementor-size-default elementor-align-after-left elementor-align-after-mobile-center elementor-align-after-tablet-left\">Fluoropolimeri<\/h2>\t\t<\/div>\n\t\t\t\t<\/div>\n\t\t\t\t<div class=\"elementor-element elementor-element-2ce2b09 elementor-widget elementor-widget-text-editor\" data-id=\"2ce2b09\" data-element_type=\"widget\" data-widget_type=\"text-editor.default\">\n\t\t\t\t<div class=\"elementor-widget-container\">\n\t\t\t\t\t\t\t<p>Al fine di soddisfare i pi\u00f9 elevati standard qualitativi, richiesti per le applicazioni High-tech, farmaceutico, medicale ed alimentare, Unigasket produce una gamma di tubi in PFA, FEP e PVDF utilizzando speciali resine High Purity in camera bianca certificata ISO 7.<\/p>\t\t\t\t\t\t<\/div>\n\t\t\t\t<\/div>\n\t\t\t\t<div class=\"elementor-element elementor-element-9cd25db elementor-widget elementor-widget-sm-default-button\" data-id=\"9cd25db\" data-element_type=\"widget\" data-widget_type=\"sm-default-button.default\">\n\t\t\t\t<div class=\"elementor-widget-container\">\n\t\t\t\n\t\t\t\t<a   href=\"\/it\/tubi\/prodotti-tubi-termoplastici\/\" class=\"btn  \">Vedi Tutti<i class=\"ti ti-arrow-right\"><\/i><\/a>\n\t\t\n\t\t\t<\/div>\n\t\t\t\t<\/div>\n\t\t\t\t\t<\/div>\n\t\t<\/div>\n\t\t\t\t<div class=\"elementor-column elementor-col-50 elementor-top-column elementor-element elementor-element-b96a985 elementor-invisible\" data-id=\"b96a985\" data-element_type=\"column\" data-settings=\"{&quot;background_background&quot;:&quot;classic&quot;,&quot;animation&quot;:&quot;fadeIn&quot;,&quot;animation_delay&quot;:200}\">\n\t\t\t<div class=\"elementor-widget-wrap elementor-element-populated\">\n\t\t\t\t\t\t\t\t<div class=\"elementor-element elementor-element-b8afdbb elementor-widget elementor-widget-spacer\" data-id=\"b8afdbb\" data-element_type=\"widget\" data-widget_type=\"spacer.default\">\n\t\t\t\t<div class=\"elementor-widget-container\">\n\t\t\t\t\t<div class=\"elementor-spacer\">\n\t\t\t<div class=\"elementor-spacer-inner\"><\/div>\n\t\t<\/div>\n\t\t\t\t<\/div>\n\t\t\t\t<\/div>\n\t\t\t\t\t<\/div>\n\t\t<\/div>\n\t\t\t\t\t\t\t<\/div>\n\t\t<\/section>\n\t\t\t\t<section class=\"elementor-section elementor-top-section elementor-element elementor-element-851c269 elementor-reverse-mobile elementor-section-boxed elementor-section-height-default elementor-section-height-default\" data-id=\"851c269\" data-element_type=\"section\">\n\t\t\t\t\t\t<div class=\"elementor-container elementor-column-gap-default\">\n\t\t\t\t\t<div class=\"elementor-column elementor-col-50 elementor-top-column elementor-element elementor-element-1ad83fe elementor-invisible\" data-id=\"1ad83fe\" data-element_type=\"column\" data-settings=\"{&quot;background_background&quot;:&quot;classic&quot;,&quot;animation&quot;:&quot;fadeIn&quot;,&quot;animation_delay&quot;:200}\">\n\t\t\t<div class=\"elementor-widget-wrap elementor-element-populated\">\n\t\t\t\t\t\t\t\t<div class=\"elementor-element elementor-element-10a0228 elementor-widget elementor-widget-spacer\" data-id=\"10a0228\" data-element_type=\"widget\" data-widget_type=\"spacer.default\">\n\t\t\t\t<div class=\"elementor-widget-container\">\n\t\t\t\t\t<div class=\"elementor-spacer\">\n\t\t\t<div class=\"elementor-spacer-inner\"><\/div>\n\t\t<\/div>\n\t\t\t\t<\/div>\n\t\t\t\t<\/div>\n\t\t\t\t\t<\/div>\n\t\t<\/div>\n\t\t\t\t<div class=\"elementor-column elementor-col-50 elementor-top-column elementor-element elementor-element-7d23fc9 elementor-invisible\" data-id=\"7d23fc9\" data-element_type=\"column\" data-settings=\"{&quot;background_background&quot;:&quot;classic&quot;,&quot;animation&quot;:&quot;fadeIn&quot;}\">\n\t\t\t<div class=\"elementor-widget-wrap elementor-element-populated\">\n\t\t\t\t\t\t\t\t<div class=\"elementor-element elementor-element-afaca36 elementor-widget elementor-widget-heading\" data-id=\"afaca36\" data-element_type=\"widget\" data-widget_type=\"heading.default\">\n\t\t\t\t<div class=\"elementor-widget-container\">\n\t\t\t<h2 class=\"elementor-heading-title elementor-size-default elementor-heading-title elementor-size-default elementor-align-after-left elementor-align-after-mobile-center elementor-align-after-tablet-left\">Silicone<\/h2>\t\t<\/div>\n\t\t\t\t<\/div>\n\t\t\t\t<div class=\"elementor-element elementor-element-810c411 elementor-widget elementor-widget-text-editor\" data-id=\"810c411\" data-element_type=\"widget\" data-widget_type=\"text-editor.default\">\n\t\t\t\t<div class=\"elementor-widget-container\">\n\t\t\t\t\t\t\tI nostri tubi in silicone sono resistenti ad alte e basse temperature, offrono buona resistenza all\u2019ossidazione ed hanno un ridotto invecchiamento. Disponiamo di mescole certificate alimentari secondo le normative FDA e BFR cos\u00ec da poter rispettare gli standard pi\u00f9 elevati in termini di compatibilit\u00e0 alimentare.\t\t\t\t\t\t<\/div>\n\t\t\t\t<\/div>\n\t\t\t\t<div class=\"elementor-element elementor-element-1d59dc7 elementor-widget elementor-widget-sm-default-button\" data-id=\"1d59dc7\" data-element_type=\"widget\" data-widget_type=\"sm-default-button.default\">\n\t\t\t\t<div class=\"elementor-widget-container\">\n\t\t\t\n\t\t\t\t<a   href=\"\/it\/tubi\/prodotti-tubi-in-silicone\/\" class=\"btn  \">Vedi Tutti<i class=\"ti ti-arrow-right\"><\/i><\/a>\n\t\t\n\t\t\t<\/div>\n\t\t\t\t<\/div>\n\t\t\t\t\t<\/div>\n\t\t<\/div>\n\t\t\t\t\t\t\t<\/div>\n\t\t<\/section>\n\t\t\t\t<section class=\"elementor-section elementor-top-section elementor-element elementor-element-de11a6e elementor-reverse-mobile elementor-section-boxed elementor-section-height-default elementor-section-height-default\" data-id=\"de11a6e\" data-element_type=\"section\">\n\t\t\t\t\t\t<div class=\"elementor-container elementor-column-gap-default\">\n\t\t\t\t\t<div class=\"elementor-column elementor-col-50 elementor-top-column elementor-element elementor-element-d2004fb elementor-invisible\" data-id=\"d2004fb\" data-element_type=\"column\" data-settings=\"{&quot;background_background&quot;:&quot;classic&quot;,&quot;animation&quot;:&quot;fadeIn&quot;}\">\n\t\t\t<div class=\"elementor-widget-wrap elementor-element-populated\">\n\t\t\t\t\t\t\t\t<div class=\"elementor-element elementor-element-7acec2f elementor-widget elementor-widget-heading\" data-id=\"7acec2f\" data-element_type=\"widget\" data-widget_type=\"heading.default\">\n\t\t\t\t<div class=\"elementor-widget-container\">\n\t\t\t<h2 class=\"elementor-heading-title elementor-size-default elementor-heading-title elementor-size-default elementor-align-after-left elementor-align-after-mobile-center elementor-align-after-tablet-left\">Mascherine<\/h2>\t\t<\/div>\n\t\t\t\t<\/div>\n\t\t\t\t<div class=\"elementor-element elementor-element-c848c8a elementor-widget elementor-widget-text-editor\" data-id=\"c848c8a\" data-element_type=\"widget\" data-widget_type=\"text-editor.default\">\n\t\t\t\t<div class=\"elementor-widget-container\">\n\t\t\t\t\t\t\tUnigasket produce mascherine TIPO II in colore azzurro e TIPO IIR in colore bianco; vengono poi commercializzate mascherine di tipo FFP2 al fine di completare la propria gamma.\t\t\t\t\t\t<\/div>\n\t\t\t\t<\/div>\n\t\t\t\t<div class=\"elementor-element elementor-element-e3cabca elementor-widget elementor-widget-sm-default-button\" data-id=\"e3cabca\" data-element_type=\"widget\" data-widget_type=\"sm-default-button.default\">\n\t\t\t\t<div class=\"elementor-widget-container\">\n\t\t\t\n\t\t\t\t<a   href=\"\/mascherine\/prodotti-mascherine\/\" class=\"btn  \">Vedi Tutti<i class=\"ti ti-arrow-right\"><\/i><\/a>\n\t\t\n\t\t\t<\/div>\n\t\t\t\t<\/div>\n\t\t\t\t\t<\/div>\n\t\t<\/div>\n\t\t\t\t<div class=\"elementor-column elementor-col-50 elementor-top-column elementor-element elementor-element-4c2bd6a elementor-invisible\" data-id=\"4c2bd6a\" data-element_type=\"column\" data-settings=\"{&quot;background_background&quot;:&quot;classic&quot;,&quot;animation&quot;:&quot;fadeIn&quot;,&quot;animation_delay&quot;:200}\">\n\t\t\t<div class=\"elementor-widget-wrap elementor-element-populated\">\n\t\t\t\t\t\t\t\t<div class=\"elementor-element elementor-element-cb5e775 elementor-widget elementor-widget-spacer\" data-id=\"cb5e775\" data-element_type=\"widget\" data-widget_type=\"spacer.default\">\n\t\t\t\t<div class=\"elementor-widget-container\">\n\t\t\t\t\t<div class=\"elementor-spacer\">\n\t\t\t<div class=\"elementor-spacer-inner\"><\/div>\n\t\t<\/div>\n\t\t\t\t<\/div>\n\t\t\t\t<\/div>\n\t\t\t\t\t<\/div>\n\t\t<\/div>\n\t\t\t\t\t\t\t<\/div>\n\t\t<\/section>\n\t\t\t\t<section class=\"elementor-section elementor-top-section elementor-element elementor-element-2d174d3e elementor-section-content-middle elementor-section-boxed elementor-section-height-default elementor-section-height-default\" data-id=\"2d174d3e\" data-element_type=\"section\" data-settings=\"{&quot;background_background&quot;:&quot;classic&quot;}\">\n\t\t\t\t\t\t<div class=\"elementor-container elementor-column-gap-default\">\n\t\t\t\t\t<div class=\"elementor-column elementor-col-50 elementor-top-column elementor-element elementor-element-151132d8 elementor-invisible\" data-id=\"151132d8\" data-element_type=\"column\" data-settings=\"{&quot;animation&quot;:&quot;fadeIn&quot;}\">\n\t\t\t<div class=\"elementor-widget-wrap elementor-element-populated\">\n\t\t\t\t\t\t\t\t<div class=\"sm_display_inline elementor-element elementor-element-418b52e5 elementor-widget elementor-widget-heading\" data-id=\"418b52e5\" data-element_type=\"widget\" data-widget_type=\"heading.default\">\n\t\t\t\t<div class=\"elementor-widget-container\">\n\t\t\t<div class=\"elementor-heading-title elementor-size-default elementor-heading-title elementor-size-default elementor-align-after-mobile-center\">Contattaci per maggiori informazioni<\/div>\t\t<\/div>\n\t\t\t\t<\/div>\n\t\t\t\t\t<\/div>\n\t\t<\/div>\n\t\t\t\t<div class=\"elementor-column elementor-col-50 elementor-top-column elementor-element elementor-element-e7334e6 elementor-invisible\" data-id=\"e7334e6\" data-element_type=\"column\" data-settings=\"{&quot;animation&quot;:&quot;fadeIn&quot;,&quot;animation_delay&quot;:200}\">\n\t\t\t<div class=\"elementor-widget-wrap elementor-element-populated\">\n\t\t\t\t\t\t\t\t<div class=\"elementor-element elementor-element-27cfd862 elementor-widget elementor-widget-sm-default-button\" data-id=\"27cfd862\" data-element_type=\"widget\" data-widget_type=\"sm-default-button.default\">\n\t\t\t\t<div class=\"elementor-widget-container\">\n\t\t\t\n\t\t\t\t<a   href=\"https:\/\/www.unigasket.it\/it\/\/contatti\/\" class=\"btn  btn_transparent \">Contatti<i class=\"ti ti-arrow-right\"><\/i><\/a>\n\t\t\n\t\t\t<\/div>\n\t\t\t\t<\/div>\n\t\t\t\t\t<\/div>\n\t\t<\/div>\n\t\t\t\t\t\t\t<\/div>\n\t\t<\/section>\n\t\t\t\t\t\t<\/div>\n\t\t\t\t\t<\/div>\n\t\t","protected":false},"excerpt":{"rendered":"<p>Prodotti in Camera Bianca Prodotti in Camera Bianca Negli ultimi anni Unigasket ha fortemente investito con lo scopo&#8230;<\/p>\n","protected":false},"author":1,"featured_media":0,"parent":0,"menu_order":0,"comment_status":"closed","ping_status":"closed","template":"elementor_canvas","meta":{"footnotes":""},"class_list":["post-2033","page","type-page","status-publish","hentry"],"yoast_head":"<!-- This site is optimized with the Yoast SEO plugin v27.4 - https:\/\/yoast.com\/product\/yoast-seo-wordpress\/ -->\n<title>Prodotti in Camera Bianca - Unigasket<\/title>\n<meta name=\"description\" content=\"Prodotti in Camera Bianca Prodotti in Camera Bianca Negli ultimi anni Unigasket ha fortemente investito con lo scopo di offrire prodotti ad alto valore\" \/>\n<meta name=\"robots\" content=\"index, follow, max-snippet:-1, max-image-preview:large, max-video-preview:-1\" \/>\n<link rel=\"canonical\" href=\"https:\/\/www.unigasket.it\/it\/prodotti-in-camera-bianca\/\" \/>\n<meta property=\"og:locale\" content=\"it_IT\" \/>\n<meta property=\"og:type\" content=\"article\" \/>\n<meta property=\"og:title\" content=\"Prodotti in Camera Bianca - Unigasket\" \/>\n<meta property=\"og:description\" content=\"Prodotti in Camera Bianca Prodotti in Camera Bianca Negli ultimi anni Unigasket ha fortemente investito con lo scopo di offrire prodotti ad alto valore\" \/>\n<meta property=\"og:url\" content=\"https:\/\/www.unigasket.it\/it\/prodotti-in-camera-bianca\/\" \/>\n<meta property=\"og:site_name\" content=\"Unigasket\" \/>\n<meta property=\"article:modified_time\" content=\"2022-11-25T15:31:01+00:00\" \/>\n<meta name=\"twitter:card\" content=\"summary_large_image\" \/>\n<meta name=\"twitter:label1\" content=\"Tempo di lettura stimato\" \/>\n\t<meta name=\"twitter:data1\" content=\"1 minuto\" \/>\n<script type=\"application\/ld+json\" class=\"yoast-schema-graph\">{\"@context\":\"https:\\\/\\\/schema.org\",\"@graph\":[{\"@type\":\"WebPage\",\"@id\":\"https:\\\/\\\/www.unigasket.it\\\/it\\\/prodotti-in-camera-bianca\\\/\",\"url\":\"https:\\\/\\\/www.unigasket.it\\\/it\\\/prodotti-in-camera-bianca\\\/\",\"name\":\"Prodotti in Camera Bianca - Unigasket\",\"isPartOf\":{\"@id\":\"https:\\\/\\\/www.unigasket.it\\\/it\\\/#website\"},\"datePublished\":\"2021-04-16T20:44:33+00:00\",\"dateModified\":\"2022-11-25T15:31:01+00:00\",\"description\":\"Prodotti in Camera Bianca Prodotti in Camera Bianca Negli ultimi anni Unigasket ha fortemente investito con lo scopo di offrire prodotti ad alto valore\",\"breadcrumb\":{\"@id\":\"https:\\\/\\\/www.unigasket.it\\\/it\\\/prodotti-in-camera-bianca\\\/#breadcrumb\"},\"inLanguage\":\"it-IT\",\"potentialAction\":[{\"@type\":\"ReadAction\",\"target\":[\"https:\\\/\\\/www.unigasket.it\\\/it\\\/prodotti-in-camera-bianca\\\/\"]}]},{\"@type\":\"BreadcrumbList\",\"@id\":\"https:\\\/\\\/www.unigasket.it\\\/it\\\/prodotti-in-camera-bianca\\\/#breadcrumb\",\"itemListElement\":[{\"@type\":\"ListItem\",\"position\":1,\"name\":\"Home\",\"item\":\"https:\\\/\\\/www.unigasket.it\\\/it\\\/\"},{\"@type\":\"ListItem\",\"position\":2,\"name\":\"Prodotti in Camera Bianca\"}]},{\"@type\":\"WebSite\",\"@id\":\"https:\\\/\\\/www.unigasket.it\\\/it\\\/#website\",\"url\":\"https:\\\/\\\/www.unigasket.it\\\/it\\\/\",\"name\":\"Unigasket\",\"description\":\"The future is here\",\"publisher\":{\"@id\":\"https:\\\/\\\/www.unigasket.it\\\/it\\\/#organization\"},\"potentialAction\":[{\"@type\":\"SearchAction\",\"target\":{\"@type\":\"EntryPoint\",\"urlTemplate\":\"https:\\\/\\\/www.unigasket.it\\\/it\\\/?s={search_term_string}\"},\"query-input\":{\"@type\":\"PropertyValueSpecification\",\"valueRequired\":true,\"valueName\":\"search_term_string\"}}],\"inLanguage\":\"it-IT\"},{\"@type\":\"Organization\",\"@id\":\"https:\\\/\\\/www.unigasket.it\\\/it\\\/#organization\",\"name\":\"Unigasket\",\"url\":\"https:\\\/\\\/www.unigasket.it\\\/it\\\/\",\"logo\":{\"@type\":\"ImageObject\",\"inLanguage\":\"it-IT\",\"@id\":\"https:\\\/\\\/www.unigasket.it\\\/it\\\/#\\\/schema\\\/logo\\\/image\\\/\",\"url\":\"https:\\\/\\\/www.unigasket.it\\\/wp-content\\\/uploads\\\/2018\\\/07\\\/logo-unigasket.png\",\"contentUrl\":\"https:\\\/\\\/www.unigasket.it\\\/wp-content\\\/uploads\\\/2018\\\/07\\\/logo-unigasket.png\",\"width\":600,\"height\":147,\"caption\":\"Unigasket\"},\"image\":{\"@id\":\"https:\\\/\\\/www.unigasket.it\\\/it\\\/#\\\/schema\\\/logo\\\/image\\\/\"},\"sameAs\":[\"https:\\\/\\\/it.linkedin.com\\\/company\\\/unigasket-srl\"]}]}<\/script>\n<!-- \/ Yoast SEO plugin. -->","yoast_head_json":{"title":"Prodotti in Camera Bianca - Unigasket","description":"Prodotti in Camera Bianca Prodotti in Camera Bianca Negli ultimi anni Unigasket ha fortemente investito con lo scopo di offrire prodotti ad alto valore","robots":{"index":"index","follow":"follow","max-snippet":"max-snippet:-1","max-image-preview":"max-image-preview:large","max-video-preview":"max-video-preview:-1"},"canonical":"https:\/\/www.unigasket.it\/it\/prodotti-in-camera-bianca\/","og_locale":"it_IT","og_type":"article","og_title":"Prodotti in Camera Bianca - Unigasket","og_description":"Prodotti in Camera Bianca Prodotti in Camera Bianca Negli ultimi anni Unigasket ha fortemente investito con lo scopo di offrire prodotti ad alto valore","og_url":"https:\/\/www.unigasket.it\/it\/prodotti-in-camera-bianca\/","og_site_name":"Unigasket","article_modified_time":"2022-11-25T15:31:01+00:00","twitter_card":"summary_large_image","twitter_misc":{"Tempo di lettura stimato":"1 minuto"},"schema":{"@context":"https:\/\/schema.org","@graph":[{"@type":"WebPage","@id":"https:\/\/www.unigasket.it\/it\/prodotti-in-camera-bianca\/","url":"https:\/\/www.unigasket.it\/it\/prodotti-in-camera-bianca\/","name":"Prodotti in Camera Bianca - Unigasket","isPartOf":{"@id":"https:\/\/www.unigasket.it\/it\/#website"},"datePublished":"2021-04-16T20:44:33+00:00","dateModified":"2022-11-25T15:31:01+00:00","description":"Prodotti in Camera Bianca Prodotti in Camera Bianca Negli ultimi anni Unigasket ha fortemente investito con lo scopo di offrire prodotti ad alto valore","breadcrumb":{"@id":"https:\/\/www.unigasket.it\/it\/prodotti-in-camera-bianca\/#breadcrumb"},"inLanguage":"it-IT","potentialAction":[{"@type":"ReadAction","target":["https:\/\/www.unigasket.it\/it\/prodotti-in-camera-bianca\/"]}]},{"@type":"BreadcrumbList","@id":"https:\/\/www.unigasket.it\/it\/prodotti-in-camera-bianca\/#breadcrumb","itemListElement":[{"@type":"ListItem","position":1,"name":"Home","item":"https:\/\/www.unigasket.it\/it\/"},{"@type":"ListItem","position":2,"name":"Prodotti in Camera Bianca"}]},{"@type":"WebSite","@id":"https:\/\/www.unigasket.it\/it\/#website","url":"https:\/\/www.unigasket.it\/it\/","name":"Unigasket","description":"The future is here","publisher":{"@id":"https:\/\/www.unigasket.it\/it\/#organization"},"potentialAction":[{"@type":"SearchAction","target":{"@type":"EntryPoint","urlTemplate":"https:\/\/www.unigasket.it\/it\/?s={search_term_string}"},"query-input":{"@type":"PropertyValueSpecification","valueRequired":true,"valueName":"search_term_string"}}],"inLanguage":"it-IT"},{"@type":"Organization","@id":"https:\/\/www.unigasket.it\/it\/#organization","name":"Unigasket","url":"https:\/\/www.unigasket.it\/it\/","logo":{"@type":"ImageObject","inLanguage":"it-IT","@id":"https:\/\/www.unigasket.it\/it\/#\/schema\/logo\/image\/","url":"https:\/\/www.unigasket.it\/wp-content\/uploads\/2018\/07\/logo-unigasket.png","contentUrl":"https:\/\/www.unigasket.it\/wp-content\/uploads\/2018\/07\/logo-unigasket.png","width":600,"height":147,"caption":"Unigasket"},"image":{"@id":"https:\/\/www.unigasket.it\/it\/#\/schema\/logo\/image\/"},"sameAs":["https:\/\/it.linkedin.com\/company\/unigasket-srl"]}]}},"_links":{"self":[{"href":"https:\/\/www.unigasket.it\/it\/wp-json\/wp\/v2\/pages\/2033","targetHints":{"allow":["GET"]}}],"collection":[{"href":"https:\/\/www.unigasket.it\/it\/wp-json\/wp\/v2\/pages"}],"about":[{"href":"https:\/\/www.unigasket.it\/it\/wp-json\/wp\/v2\/types\/page"}],"author":[{"embeddable":true,"href":"https:\/\/www.unigasket.it\/it\/wp-json\/wp\/v2\/users\/1"}],"replies":[{"embeddable":true,"href":"https:\/\/www.unigasket.it\/it\/wp-json\/wp\/v2\/comments?post=2033"}],"version-history":[{"count":88,"href":"https:\/\/www.unigasket.it\/it\/wp-json\/wp\/v2\/pages\/2033\/revisions"}],"predecessor-version":[{"id":13877,"href":"https:\/\/www.unigasket.it\/it\/wp-json\/wp\/v2\/pages\/2033\/revisions\/13877"}],"wp:attachment":[{"href":"https:\/\/www.unigasket.it\/it\/wp-json\/wp\/v2\/media?parent=2033"}],"curies":[{"name":"wp","href":"https:\/\/api.w.org\/{rel}","templated":true}]}}