{"id":2063,"date":"2021-04-16T23:43:33","date_gmt":"2021-04-16T21:43:33","guid":{"rendered":"https:\/\/www.unigasket.it\/?page_id=2063"},"modified":"2023-01-09T15:43:05","modified_gmt":"2023-01-09T14:43:05","slug":"motore","status":"publish","type":"page","link":"https:\/\/www.unigasket.it\/it\/motore\/","title":{"rendered":"Applicazioni Motore"},"content":{"rendered":"\t\t<div data-elementor-type=\"wp-post\" data-elementor-id=\"2063\" class=\"elementor elementor-2063\" data-elementor-settings=\"[]\">\n\t\t\t\t\t\t\t<div class=\"elementor-section-wrap\">\n\t\t\t\t\t\t\t<section class=\"elementor-section elementor-top-section elementor-element elementor-element-1f2a56e1 elementor-section-height-min-height elementor-section-boxed elementor-section-height-default elementor-section-items-middle\" data-id=\"1f2a56e1\" data-element_type=\"section\" data-settings=\"{&quot;background_background&quot;:&quot;classic&quot;}\">\n\t\t\t\t\t\t\t<div class=\"elementor-background-overlay\"><\/div>\n\t\t\t\t\t\t\t<div class=\"elementor-container elementor-column-gap-default\">\n\t\t\t\t\t<div class=\"elementor-column elementor-col-100 elementor-top-column elementor-element elementor-element-62e09903\" data-id=\"62e09903\" data-element_type=\"column\">\n\t\t\t<div class=\"elementor-widget-wrap elementor-element-populated\">\n\t\t\t\t\t\t\t\t<div class=\"elementor-element elementor-element-693ac408 elementor-widget elementor-widget-heading\" data-id=\"693ac408\" data-element_type=\"widget\" data-widget_type=\"heading.default\">\n\t\t\t\t<div class=\"elementor-widget-container\">\n\t\t\t<h1 class=\"elementor-heading-title elementor-size-default elementor-heading-title elementor-size-default elementor-align-after-center\">Applicazioni Motore<\/h1>\t\t<\/div>\n\t\t\t\t<\/div>\n\t\t\t\t<div class=\"elementor-element elementor-element-1c0c5aae elementor-widget elementor-widget-wp-widget-bcn_widget\" data-id=\"1c0c5aae\" data-element_type=\"widget\" data-widget_type=\"wp-widget-bcn_widget.default\">\n\t\t\t\t<div class=\"elementor-widget-container\">\n\t\t\t<ol class=\"breadcrumb_trail breadcrumbs\"><li class=\"home\"><span property=\"itemListElement\" typeof=\"ListItem\"><a property=\"item\" typeof=\"WebPage\" title=\"Vai a Unigasket.\" href=\"https:\/\/www.unigasket.it\/it\/\" class=\"home\" aria-current=\"page\"><span property=\"name\">Unigasket<\/span><\/a><meta property=\"position\" content=\"1\"><\/span><\/li>\n<\/ol>\t\t<\/div>\n\t\t\t\t<\/div>\n\t\t\t\t\t<\/div>\n\t\t<\/div>\n\t\t\t\t\t\t\t<\/div>\n\t\t<\/section>\n\t\t\t\t<section class=\"elementor-section elementor-top-section elementor-element elementor-element-3163a932 elementor-section-boxed elementor-section-height-default elementor-section-height-default\" data-id=\"3163a932\" data-element_type=\"section\" data-settings=\"{&quot;background_background&quot;:&quot;classic&quot;}\">\n\t\t\t\t\t\t<div class=\"elementor-container elementor-column-gap-default\">\n\t\t\t\t\t<div class=\"elementor-column elementor-col-50 elementor-top-column elementor-element elementor-element-3c244b0\" data-id=\"3c244b0\" data-element_type=\"column\">\n\t\t\t<div class=\"elementor-widget-wrap elementor-element-populated\">\n\t\t\t\t\t\t\t\t<div class=\"elementor-element elementor-element-6618046c elementor-widget elementor-widget-heading\" data-id=\"6618046c\" data-element_type=\"widget\" data-widget_type=\"heading.default\">\n\t\t\t\t<div class=\"elementor-widget-container\">\n\t\t\t<h2 class=\"elementor-heading-title elementor-size-default elementor-heading-title elementor-size-default\">Applicazioni motore<\/h2>\t\t<\/div>\n\t\t\t\t<\/div>\n\t\t\t\t\t<\/div>\n\t\t<\/div>\n\t\t\t\t<div class=\"elementor-column elementor-col-50 elementor-top-column elementor-element elementor-element-45121e9d\" data-id=\"45121e9d\" data-element_type=\"column\">\n\t\t\t<div class=\"elementor-widget-wrap\">\n\t\t\t\t\t\t\t\t\t<\/div>\n\t\t<\/div>\n\t\t\t\t\t\t\t<\/div>\n\t\t<\/section>\n\t\t\t\t<section class=\"elementor-section elementor-top-section elementor-element elementor-element-7fe6c2d elementor-section-boxed elementor-section-height-default elementor-section-height-default\" data-id=\"7fe6c2d\" data-element_type=\"section\" data-settings=\"{&quot;background_background&quot;:&quot;classic&quot;}\">\n\t\t\t\t\t\t<div class=\"elementor-container elementor-column-gap-default\">\n\t\t\t\t\t<div class=\"elementor-column elementor-col-50 elementor-top-column elementor-element elementor-element-7ce708f7\" data-id=\"7ce708f7\" data-element_type=\"column\">\n\t\t\t<div class=\"elementor-widget-wrap elementor-element-populated\">\n\t\t\t\t\t\t\t\t<div class=\"elementor-element elementor-element-53426cb7 elementor-widget elementor-widget-text-editor\" data-id=\"53426cb7\" data-element_type=\"widget\" data-widget_type=\"text-editor.default\">\n\t\t\t\t<div class=\"elementor-widget-container\">\n\t\t\t\t\t\t\t<p>Il motore \u00e8 il cuore pulsante di automobili e veicoli industriali ed \u00e8 senza dubbio il componente pi\u00f9 sofisticato e chiamato ad ottenere prestazioni elevate e sempre pi\u00f9 rispettose dell\u2019ambiente. Unigasket ha sviluppato una gamma di tubi ampia in grado di abbracciare molte applicazioni dedicate al motore come il passaggio di olio e vapori ad alte temperature, la gestione dell\u2019olio per la scatola del cambio, i compressori d\u2019aria,<\/p>\t\t\t\t\t\t<\/div>\n\t\t\t\t<\/div>\n\t\t\t\t\t<\/div>\n\t\t<\/div>\n\t\t\t\t<div class=\"elementor-column elementor-col-50 elementor-top-column elementor-element elementor-element-7313297d\" data-id=\"7313297d\" data-element_type=\"column\">\n\t\t\t<div class=\"elementor-widget-wrap elementor-element-populated\">\n\t\t\t\t\t\t\t\t<div class=\"elementor-element elementor-element-6ac1aa02 elementor-widget elementor-widget-text-editor\" data-id=\"6ac1aa02\" data-element_type=\"widget\" data-widget_type=\"text-editor.default\">\n\t\t\t\t<div class=\"elementor-widget-container\">\n\t\t\t\t\t\t\t<p>\u00a0l\u2019alimentazione e la gestione del carburante. I tubi con sotto strato in PTFE e treccia d\u2019acciaio sono senza dubbio la migliore soluzione tecnica quando siamo in presenza di alte temperature, liquidi aggressivi ed elevate pressioni di scoppio. I tubi in Poliammide invece grazie alla loro flessibilit\u00e0, ottima predisposizione alla termoformatura e buona resistenza chimica sono una valida soluzione per la gestione del carburante e dei liquidi a basse pressioni.<\/p>\t\t\t\t\t\t<\/div>\n\t\t\t\t<\/div>\n\t\t\t\t\t<\/div>\n\t\t<\/div>\n\t\t\t\t\t\t\t<\/div>\n\t\t<\/section>\n\t\t\t\t<section class=\"elementor-section elementor-top-section elementor-element elementor-element-1d380cd6 elementor-section-boxed elementor-section-height-default elementor-section-height-default\" data-id=\"1d380cd6\" data-element_type=\"section\" data-settings=\"{&quot;background_background&quot;:&quot;classic&quot;}\">\n\t\t\t\t\t\t<div class=\"elementor-container elementor-column-gap-default\">\n\t\t\t\t\t<div class=\"elementor-column elementor-col-100 elementor-top-column elementor-element elementor-element-7121a94f elementor-invisible\" data-id=\"7121a94f\" data-element_type=\"column\" data-settings=\"{&quot;animation&quot;:&quot;fadeInUp&quot;,&quot;animation_delay&quot;:200}\">\n\t\t\t<div class=\"elementor-widget-wrap elementor-element-populated\">\n\t\t\t\t\t\t\t\t<div class=\"elementor-element elementor-element-390fdafe prodotti elementor-widget elementor-widget-sm-menu-links\" data-id=\"390fdafe\" data-element_type=\"widget\" data-widget_type=\"sm-menu-links.default\">\n\t\t\t\t<div class=\"elementor-widget-container\">\n\t\t\t\t\n\t\t<ul class=\"man_menu_links menu\">\n\t\t\t\t\t<li>\n\t\t\t\t<a href=\"\/tubi-flessibili-ptfe-fhl-fhm-fhm-dc\/\">FHL - FHM - Doppia Treccia<\/a>\n\t\t\t<\/li>\n\t\t\t\t\t<li>\n\t\t\t\t<a href=\"\/clwb\/\">CLWB<\/a>\n\t\t\t<\/li>\n\t\t\t\t\t<li>\n\t\t\t\t<a href=\"\/pa12\/\">Tubi in PA12<\/a>\n\t\t\t<\/li>\n\t\t\t\t\t<li>\n\t\t\t\t<a href=\"\/pa11\/\">Tubi in PA11<\/a>\n\t\t\t<\/li>\n\t\t\t\t\t<li>\n\t\t\t\t<a href=\"\/gomma-silicone\/\">Tubi e manicotti in gomma e silicone<\/a>\n\t\t\t<\/li>\n\t\t\t\t<\/ul>\n\n\t\t\t<\/div>\n\t\t\t\t<\/div>\n\t\t\t\t\t<\/div>\n\t\t<\/div>\n\t\t\t\t\t\t\t<\/div>\n\t\t<\/section>\n\t\t\t\t<section class=\"elementor-section elementor-top-section elementor-element elementor-element-22ca03ce elementor-section-content-middle elementor-section-boxed elementor-section-height-default elementor-section-height-default\" data-id=\"22ca03ce\" data-element_type=\"section\" data-settings=\"{&quot;background_background&quot;:&quot;classic&quot;}\">\n\t\t\t\t\t\t<div class=\"elementor-container elementor-column-gap-default\">\n\t\t\t\t\t<div class=\"elementor-column elementor-col-50 elementor-top-column elementor-element elementor-element-6be176da elementor-invisible\" data-id=\"6be176da\" data-element_type=\"column\" data-settings=\"{&quot;animation&quot;:&quot;fadeIn&quot;}\">\n\t\t\t<div class=\"elementor-widget-wrap elementor-element-populated\">\n\t\t\t\t\t\t\t\t<div class=\"sm_display_inline elementor-element elementor-element-2656c18 elementor-widget elementor-widget-heading\" data-id=\"2656c18\" data-element_type=\"widget\" data-widget_type=\"heading.default\">\n\t\t\t\t<div class=\"elementor-widget-container\">\n\t\t\t<div class=\"elementor-heading-title elementor-size-default elementor-heading-title elementor-size-default elementor-align-after-mobile-center\">Contattaci per maggiori informazioni\n<\/div>\t\t<\/div>\n\t\t\t\t<\/div>\n\t\t\t\t\t<\/div>\n\t\t<\/div>\n\t\t\t\t<div class=\"elementor-column elementor-col-50 elementor-top-column elementor-element elementor-element-133d3e77 elementor-invisible\" data-id=\"133d3e77\" data-element_type=\"column\" data-settings=\"{&quot;animation&quot;:&quot;fadeIn&quot;,&quot;animation_delay&quot;:200}\">\n\t\t\t<div class=\"elementor-widget-wrap elementor-element-populated\">\n\t\t\t\t\t\t\t\t<div class=\"elementor-element elementor-element-3ab1d278 elementor-widget elementor-widget-sm-default-button\" data-id=\"3ab1d278\" data-element_type=\"widget\" data-widget_type=\"sm-default-button.default\">\n\t\t\t\t<div class=\"elementor-widget-container\">\n\t\t\t\n\t\t\t\t<a   href=\"https:\/\/www.unigasket.it\/it\/\/contatti\/\" class=\"btn  btn_transparent \">Contatti<i class=\"ti ti-arrow-right\"><\/i><\/a>\n\t\t\n\t\t\t<\/div>\n\t\t\t\t<\/div>\n\t\t\t\t\t<\/div>\n\t\t<\/div>\n\t\t\t\t\t\t\t<\/div>\n\t\t<\/section>\n\t\t\t\t\t\t<\/div>\n\t\t\t\t\t<\/div>\n\t\t","protected":false},"excerpt":{"rendered":"<p>Applicazioni Motore Applicazioni motore Il motore \u00e8 il cuore pulsante di automobili e veicoli industriali ed \u00e8 senza&#8230;<\/p>\n","protected":false},"author":1,"featured_media":0,"parent":0,"menu_order":0,"comment_status":"closed","ping_status":"closed","template":"elementor_canvas","meta":{"footnotes":""},"class_list":["post-2063","page","type-page","status-publish","hentry"],"yoast_head":"<!-- This site is optimized with the Yoast SEO plugin v27.4 - https:\/\/yoast.com\/product\/yoast-seo-wordpress\/ -->\n<title>Applicazioni Motore - Unigasket<\/title>\n<meta name=\"description\" content=\"Applicazioni Motore Applicazioni motore Il motore \u00e8 il cuore pulsante di automobili e veicoli industriali ed \u00e8 senza dubbio il componente pi\u00f9 sofisticato\" \/>\n<meta name=\"robots\" content=\"index, follow, max-snippet:-1, max-image-preview:large, max-video-preview:-1\" \/>\n<link rel=\"canonical\" href=\"https:\/\/www.unigasket.it\/it\/motore\/\" \/>\n<meta property=\"og:locale\" content=\"it_IT\" \/>\n<meta property=\"og:type\" content=\"article\" \/>\n<meta property=\"og:title\" content=\"Applicazioni Motore - Unigasket\" \/>\n<meta property=\"og:description\" content=\"Applicazioni Motore Applicazioni motore Il motore \u00e8 il cuore pulsante di automobili e veicoli industriali ed \u00e8 senza dubbio il componente pi\u00f9 sofisticato\" \/>\n<meta property=\"og:url\" content=\"https:\/\/www.unigasket.it\/it\/motore\/\" \/>\n<meta property=\"og:site_name\" content=\"Unigasket\" \/>\n<meta property=\"article:modified_time\" content=\"2023-01-09T14:43:05+00:00\" \/>\n<meta name=\"twitter:card\" content=\"summary_large_image\" \/>\n<meta name=\"twitter:label1\" content=\"Tempo di lettura stimato\" \/>\n\t<meta name=\"twitter:data1\" content=\"1 minuto\" \/>\n<script type=\"application\/ld+json\" class=\"yoast-schema-graph\">{\"@context\":\"https:\\\/\\\/schema.org\",\"@graph\":[{\"@type\":\"WebPage\",\"@id\":\"https:\\\/\\\/www.unigasket.it\\\/it\\\/motore\\\/\",\"url\":\"https:\\\/\\\/www.unigasket.it\\\/it\\\/motore\\\/\",\"name\":\"Applicazioni Motore - Unigasket\",\"isPartOf\":{\"@id\":\"https:\\\/\\\/www.unigasket.it\\\/it\\\/#website\"},\"datePublished\":\"2021-04-16T21:43:33+00:00\",\"dateModified\":\"2023-01-09T14:43:05+00:00\",\"description\":\"Applicazioni Motore Applicazioni motore Il motore \u00e8 il cuore pulsante di automobili e veicoli industriali ed \u00e8 senza dubbio il componente pi\u00f9 sofisticato\",\"breadcrumb\":{\"@id\":\"https:\\\/\\\/www.unigasket.it\\\/it\\\/motore\\\/#breadcrumb\"},\"inLanguage\":\"it-IT\",\"potentialAction\":[{\"@type\":\"ReadAction\",\"target\":[\"https:\\\/\\\/www.unigasket.it\\\/it\\\/motore\\\/\"]}]},{\"@type\":\"BreadcrumbList\",\"@id\":\"https:\\\/\\\/www.unigasket.it\\\/it\\\/motore\\\/#breadcrumb\",\"itemListElement\":[{\"@type\":\"ListItem\",\"position\":1,\"name\":\"Home\",\"item\":\"https:\\\/\\\/www.unigasket.it\\\/it\\\/\"},{\"@type\":\"ListItem\",\"position\":2,\"name\":\"Applicazioni Motore\"}]},{\"@type\":\"WebSite\",\"@id\":\"https:\\\/\\\/www.unigasket.it\\\/it\\\/#website\",\"url\":\"https:\\\/\\\/www.unigasket.it\\\/it\\\/\",\"name\":\"Unigasket\",\"description\":\"The future is here\",\"publisher\":{\"@id\":\"https:\\\/\\\/www.unigasket.it\\\/it\\\/#organization\"},\"potentialAction\":[{\"@type\":\"SearchAction\",\"target\":{\"@type\":\"EntryPoint\",\"urlTemplate\":\"https:\\\/\\\/www.unigasket.it\\\/it\\\/?s={search_term_string}\"},\"query-input\":{\"@type\":\"PropertyValueSpecification\",\"valueRequired\":true,\"valueName\":\"search_term_string\"}}],\"inLanguage\":\"it-IT\"},{\"@type\":\"Organization\",\"@id\":\"https:\\\/\\\/www.unigasket.it\\\/it\\\/#organization\",\"name\":\"Unigasket\",\"url\":\"https:\\\/\\\/www.unigasket.it\\\/it\\\/\",\"logo\":{\"@type\":\"ImageObject\",\"inLanguage\":\"it-IT\",\"@id\":\"https:\\\/\\\/www.unigasket.it\\\/it\\\/#\\\/schema\\\/logo\\\/image\\\/\",\"url\":\"https:\\\/\\\/www.unigasket.it\\\/wp-content\\\/uploads\\\/2018\\\/07\\\/logo-unigasket.png\",\"contentUrl\":\"https:\\\/\\\/www.unigasket.it\\\/wp-content\\\/uploads\\\/2018\\\/07\\\/logo-unigasket.png\",\"width\":600,\"height\":147,\"caption\":\"Unigasket\"},\"image\":{\"@id\":\"https:\\\/\\\/www.unigasket.it\\\/it\\\/#\\\/schema\\\/logo\\\/image\\\/\"},\"sameAs\":[\"https:\\\/\\\/it.linkedin.com\\\/company\\\/unigasket-srl\"]}]}<\/script>\n<!-- \/ Yoast SEO plugin. -->","yoast_head_json":{"title":"Applicazioni Motore - Unigasket","description":"Applicazioni Motore Applicazioni motore Il motore \u00e8 il cuore pulsante di automobili e veicoli industriali ed \u00e8 senza dubbio il componente pi\u00f9 sofisticato","robots":{"index":"index","follow":"follow","max-snippet":"max-snippet:-1","max-image-preview":"max-image-preview:large","max-video-preview":"max-video-preview:-1"},"canonical":"https:\/\/www.unigasket.it\/it\/motore\/","og_locale":"it_IT","og_type":"article","og_title":"Applicazioni Motore - Unigasket","og_description":"Applicazioni Motore Applicazioni motore Il motore \u00e8 il cuore pulsante di automobili e veicoli industriali ed \u00e8 senza dubbio il componente pi\u00f9 sofisticato","og_url":"https:\/\/www.unigasket.it\/it\/motore\/","og_site_name":"Unigasket","article_modified_time":"2023-01-09T14:43:05+00:00","twitter_card":"summary_large_image","twitter_misc":{"Tempo di lettura stimato":"1 minuto"},"schema":{"@context":"https:\/\/schema.org","@graph":[{"@type":"WebPage","@id":"https:\/\/www.unigasket.it\/it\/motore\/","url":"https:\/\/www.unigasket.it\/it\/motore\/","name":"Applicazioni Motore - Unigasket","isPartOf":{"@id":"https:\/\/www.unigasket.it\/it\/#website"},"datePublished":"2021-04-16T21:43:33+00:00","dateModified":"2023-01-09T14:43:05+00:00","description":"Applicazioni Motore Applicazioni motore Il motore \u00e8 il cuore pulsante di automobili e veicoli industriali ed \u00e8 senza dubbio il componente pi\u00f9 sofisticato","breadcrumb":{"@id":"https:\/\/www.unigasket.it\/it\/motore\/#breadcrumb"},"inLanguage":"it-IT","potentialAction":[{"@type":"ReadAction","target":["https:\/\/www.unigasket.it\/it\/motore\/"]}]},{"@type":"BreadcrumbList","@id":"https:\/\/www.unigasket.it\/it\/motore\/#breadcrumb","itemListElement":[{"@type":"ListItem","position":1,"name":"Home","item":"https:\/\/www.unigasket.it\/it\/"},{"@type":"ListItem","position":2,"name":"Applicazioni Motore"}]},{"@type":"WebSite","@id":"https:\/\/www.unigasket.it\/it\/#website","url":"https:\/\/www.unigasket.it\/it\/","name":"Unigasket","description":"The future is here","publisher":{"@id":"https:\/\/www.unigasket.it\/it\/#organization"},"potentialAction":[{"@type":"SearchAction","target":{"@type":"EntryPoint","urlTemplate":"https:\/\/www.unigasket.it\/it\/?s={search_term_string}"},"query-input":{"@type":"PropertyValueSpecification","valueRequired":true,"valueName":"search_term_string"}}],"inLanguage":"it-IT"},{"@type":"Organization","@id":"https:\/\/www.unigasket.it\/it\/#organization","name":"Unigasket","url":"https:\/\/www.unigasket.it\/it\/","logo":{"@type":"ImageObject","inLanguage":"it-IT","@id":"https:\/\/www.unigasket.it\/it\/#\/schema\/logo\/image\/","url":"https:\/\/www.unigasket.it\/wp-content\/uploads\/2018\/07\/logo-unigasket.png","contentUrl":"https:\/\/www.unigasket.it\/wp-content\/uploads\/2018\/07\/logo-unigasket.png","width":600,"height":147,"caption":"Unigasket"},"image":{"@id":"https:\/\/www.unigasket.it\/it\/#\/schema\/logo\/image\/"},"sameAs":["https:\/\/it.linkedin.com\/company\/unigasket-srl"]}]}},"_links":{"self":[{"href":"https:\/\/www.unigasket.it\/it\/wp-json\/wp\/v2\/pages\/2063","targetHints":{"allow":["GET"]}}],"collection":[{"href":"https:\/\/www.unigasket.it\/it\/wp-json\/wp\/v2\/pages"}],"about":[{"href":"https:\/\/www.unigasket.it\/it\/wp-json\/wp\/v2\/types\/page"}],"author":[{"embeddable":true,"href":"https:\/\/www.unigasket.it\/it\/wp-json\/wp\/v2\/users\/1"}],"replies":[{"embeddable":true,"href":"https:\/\/www.unigasket.it\/it\/wp-json\/wp\/v2\/comments?post=2063"}],"version-history":[{"count":52,"href":"https:\/\/www.unigasket.it\/it\/wp-json\/wp\/v2\/pages\/2063\/revisions"}],"predecessor-version":[{"id":14066,"href":"https:\/\/www.unigasket.it\/it\/wp-json\/wp\/v2\/pages\/2063\/revisions\/14066"}],"wp:attachment":[{"href":"https:\/\/www.unigasket.it\/it\/wp-json\/wp\/v2\/media?parent=2063"}],"curies":[{"name":"wp","href":"https:\/\/api.w.org\/{rel}","templated":true}]}}