{"id":2074,"date":"2021-04-17T00:31:23","date_gmt":"2021-04-16T22:31:23","guid":{"rendered":"https:\/\/www.unigasket.it\/?page_id=2074"},"modified":"2023-01-09T17:17:34","modified_gmt":"2023-01-09T16:17:34","slug":"robotica","status":"publish","type":"page","link":"https:\/\/www.unigasket.it\/it\/robotica\/","title":{"rendered":"Robotica"},"content":{"rendered":"\t\t<div data-elementor-type=\"wp-post\" data-elementor-id=\"2074\" class=\"elementor elementor-2074\" data-elementor-settings=\"[]\">\n\t\t\t\t\t\t\t<div class=\"elementor-section-wrap\">\n\t\t\t\t\t\t\t<section class=\"elementor-section elementor-top-section elementor-element elementor-element-659431d2 elementor-section-height-min-height elementor-section-boxed elementor-section-height-default elementor-section-items-middle\" data-id=\"659431d2\" data-element_type=\"section\" data-settings=\"{&quot;background_background&quot;:&quot;classic&quot;}\">\n\t\t\t\t\t\t\t<div class=\"elementor-background-overlay\"><\/div>\n\t\t\t\t\t\t\t<div class=\"elementor-container elementor-column-gap-default\">\n\t\t\t\t\t<div class=\"elementor-column elementor-col-100 elementor-top-column elementor-element elementor-element-5388705e\" data-id=\"5388705e\" data-element_type=\"column\">\n\t\t\t<div class=\"elementor-widget-wrap elementor-element-populated\">\n\t\t\t\t\t\t\t\t<div class=\"elementor-element elementor-element-7e199000 elementor-widget elementor-widget-heading\" data-id=\"7e199000\" data-element_type=\"widget\" data-widget_type=\"heading.default\">\n\t\t\t\t<div class=\"elementor-widget-container\">\n\t\t\t<h1 class=\"elementor-heading-title elementor-size-default elementor-heading-title elementor-size-default elementor-align-after-center\">Robotica<\/h1>\t\t<\/div>\n\t\t\t\t<\/div>\n\t\t\t\t<div class=\"elementor-element elementor-element-27e73180 elementor-widget elementor-widget-wp-widget-bcn_widget\" data-id=\"27e73180\" data-element_type=\"widget\" data-widget_type=\"wp-widget-bcn_widget.default\">\n\t\t\t\t<div class=\"elementor-widget-container\">\n\t\t\t<ol class=\"breadcrumb_trail breadcrumbs\"><li class=\"home\"><span property=\"itemListElement\" typeof=\"ListItem\"><a property=\"item\" typeof=\"WebPage\" title=\"Vai a Unigasket.\" href=\"https:\/\/www.unigasket.it\/it\/\" class=\"home\" aria-current=\"page\"><span property=\"name\">Unigasket<\/span><\/a><meta property=\"position\" content=\"1\"><\/span><\/li>\n<\/ol>\t\t<\/div>\n\t\t\t\t<\/div>\n\t\t\t\t\t<\/div>\n\t\t<\/div>\n\t\t\t\t\t\t\t<\/div>\n\t\t<\/section>\n\t\t\t\t<section class=\"elementor-section elementor-top-section elementor-element elementor-element-f55646e elementor-section-boxed elementor-section-height-default elementor-section-height-default\" data-id=\"f55646e\" data-element_type=\"section\" data-settings=\"{&quot;background_background&quot;:&quot;classic&quot;}\">\n\t\t\t\t\t\t<div class=\"elementor-container elementor-column-gap-default\">\n\t\t\t\t\t<div class=\"elementor-column elementor-col-50 elementor-top-column elementor-element elementor-element-62d6f4c5\" data-id=\"62d6f4c5\" data-element_type=\"column\">\n\t\t\t<div class=\"elementor-widget-wrap elementor-element-populated\">\n\t\t\t\t\t\t\t\t<div class=\"elementor-element elementor-element-16d5f14c elementor-widget elementor-widget-heading\" data-id=\"16d5f14c\" data-element_type=\"widget\" data-widget_type=\"heading.default\">\n\t\t\t\t<div class=\"elementor-widget-container\">\n\t\t\t<h2 class=\"elementor-heading-title elementor-size-default elementor-heading-title elementor-size-default\">Robotica<\/h2>\t\t<\/div>\n\t\t\t\t<\/div>\n\t\t\t\t\t<\/div>\n\t\t<\/div>\n\t\t\t\t<div class=\"elementor-column elementor-col-50 elementor-top-column elementor-element elementor-element-ba1a2f3\" data-id=\"ba1a2f3\" data-element_type=\"column\">\n\t\t\t<div class=\"elementor-widget-wrap\">\n\t\t\t\t\t\t\t\t\t<\/div>\n\t\t<\/div>\n\t\t\t\t\t\t\t<\/div>\n\t\t<\/section>\n\t\t\t\t<section class=\"elementor-section elementor-top-section elementor-element elementor-element-259add68 elementor-section-boxed elementor-section-height-default elementor-section-height-default\" data-id=\"259add68\" data-element_type=\"section\" data-settings=\"{&quot;background_background&quot;:&quot;classic&quot;}\">\n\t\t\t\t\t\t<div class=\"elementor-container elementor-column-gap-default\">\n\t\t\t\t\t<div class=\"elementor-column elementor-col-50 elementor-top-column elementor-element elementor-element-41214dc5\" data-id=\"41214dc5\" data-element_type=\"column\">\n\t\t\t<div class=\"elementor-widget-wrap elementor-element-populated\">\n\t\t\t\t\t\t\t\t<div class=\"elementor-element elementor-element-122371e0 elementor-widget elementor-widget-text-editor\" data-id=\"122371e0\" data-element_type=\"widget\" data-widget_type=\"text-editor.default\">\n\t\t\t\t<div class=\"elementor-widget-container\">\n\t\t\t\t\t\t\t<p>I tubi Unigasket in PTFE, FEP e PFA possono trovare applicazione su robot dotati di pinze per trasportare fluidi aggressivi a pressioni e temperature elevate (-70\u00b0C a 260\u00b0C) e rappresentano un\u2019ottima soluzione tecnica grazie anche alla mancanza di\u00a0<\/p><p>\u00a0<\/p>\t\t\t\t\t\t<\/div>\n\t\t\t\t<\/div>\n\t\t\t\t\t<\/div>\n\t\t<\/div>\n\t\t\t\t<div class=\"elementor-column elementor-col-50 elementor-top-column elementor-element elementor-element-9f9bc8d\" data-id=\"9f9bc8d\" data-element_type=\"column\">\n\t\t\t<div class=\"elementor-widget-wrap elementor-element-populated\">\n\t\t\t\t\t\t\t\t<div class=\"elementor-element elementor-element-1d34fa07 elementor-widget elementor-widget-text-editor\" data-id=\"1d34fa07\" data-element_type=\"widget\" data-widget_type=\"text-editor.default\">\n\t\t\t\t<div class=\"elementor-widget-container\">\n\t\t\t\t\t\t\t<p>assorbimento di umidit\u00e0, alla necessit\u00e0 di inferiore manutenzione unita a margini di sicurezza pi\u00f9 ampi. Se invece le prestazioni richieste sono pi\u00f9 legate alla flessibilit\u00e0 e maneggevolezza i tubi in PA12 e Poliuretano sono la soluzione pi\u00f9 indicata.<\/p>\t\t\t\t\t\t<\/div>\n\t\t\t\t<\/div>\n\t\t\t\t\t<\/div>\n\t\t<\/div>\n\t\t\t\t\t\t\t<\/div>\n\t\t<\/section>\n\t\t\t\t<section class=\"elementor-section elementor-top-section elementor-element elementor-element-7ad13162 elementor-section-boxed elementor-section-height-default elementor-section-height-default\" data-id=\"7ad13162\" data-element_type=\"section\" data-settings=\"{&quot;background_background&quot;:&quot;classic&quot;}\">\n\t\t\t\t\t\t<div class=\"elementor-container elementor-column-gap-default\">\n\t\t\t\t\t<div class=\"elementor-column elementor-col-100 elementor-top-column elementor-element elementor-element-1aeb5c02 elementor-invisible\" data-id=\"1aeb5c02\" data-element_type=\"column\" data-settings=\"{&quot;animation&quot;:&quot;fadeInUp&quot;,&quot;animation_delay&quot;:200}\">\n\t\t\t<div class=\"elementor-widget-wrap elementor-element-populated\">\n\t\t\t\t\t\t\t\t<div class=\"elementor-element elementor-element-191743b2 prodotti elementor-widget elementor-widget-sm-menu-links\" data-id=\"191743b2\" data-element_type=\"widget\" data-widget_type=\"sm-menu-links.default\">\n\t\t\t\t<div class=\"elementor-widget-container\">\n\t\t\t\t\n\t\t<ul class=\"man_menu_links menu\">\n\t\t\t\t\t<li>\n\t\t\t\t<a href=\"\/twt\/\">TWT<\/a>\n\t\t\t<\/li>\n\t\t\t\t\t<li>\n\t\t\t\t<a href=\"\/tubi-fep-pfa-pvdf\/\">Tubi in FEP - PFA - PVDF<\/a>\n\t\t\t<\/li>\n\t\t\t\t\t<li>\n\t\t\t\t<a href=\"https:\/\/www.unigasket.it\/it\/pu\/\">PU \u2013 Tubi in Poliuretano<\/a>\n\t\t\t<\/li>\n\t\t\t\t\t<li>\n\t\t\t\t<a href=\"\/pa12\/\">PA12 \u2013 Poliammide<\/a>\n\t\t\t<\/li>\n\t\t\t\t\t<li>\n\t\t\t\t<a href=\"\/pa11\/\">PA11 \u2013 Poliammide<\/a>\n\t\t\t<\/li>\n\t\t\t\t\t<li>\n\t\t\t\t<a href=\"\/pu\/\">PU \u2013 Tubi in Poliuretano<\/a>\n\t\t\t<\/li>\n\t\t\t\t\t<li>\n\t\t\t\t<a href=\"\/pa6\/\">PA6 \u2013 Poliammide<\/a>\n\t\t\t<\/li>\n\t\t\t\t\t<li>\n\t\t\t\t<a href=\"https:\/\/www.unigasket.it\/it\/rsil\/\">RSIL \u2013 Tubi in silicone rinforzato<\/a>\n\t\t\t<\/li>\n\t\t\t\t<\/ul>\n\n\t\t\t<\/div>\n\t\t\t\t<\/div>\n\t\t\t\t\t<\/div>\n\t\t<\/div>\n\t\t\t\t\t\t\t<\/div>\n\t\t<\/section>\n\t\t\t\t<section class=\"elementor-section elementor-top-section elementor-element elementor-element-d824b28 elementor-section-content-middle elementor-section-boxed elementor-section-height-default elementor-section-height-default\" data-id=\"d824b28\" data-element_type=\"section\" data-settings=\"{&quot;background_background&quot;:&quot;classic&quot;}\">\n\t\t\t\t\t\t<div class=\"elementor-container elementor-column-gap-default\">\n\t\t\t\t\t<div class=\"elementor-column elementor-col-50 elementor-top-column elementor-element elementor-element-225ee71 elementor-invisible\" data-id=\"225ee71\" data-element_type=\"column\" data-settings=\"{&quot;animation&quot;:&quot;fadeIn&quot;}\">\n\t\t\t<div class=\"elementor-widget-wrap elementor-element-populated\">\n\t\t\t\t\t\t\t\t<div class=\"sm_display_inline elementor-element elementor-element-767a9c80 elementor-widget elementor-widget-heading\" data-id=\"767a9c80\" data-element_type=\"widget\" data-widget_type=\"heading.default\">\n\t\t\t\t<div class=\"elementor-widget-container\">\n\t\t\t<div class=\"elementor-heading-title elementor-size-default elementor-heading-title elementor-size-default elementor-align-after-mobile-center\">Contattaci per maggiori informazioni<\/div>\t\t<\/div>\n\t\t\t\t<\/div>\n\t\t\t\t\t<\/div>\n\t\t<\/div>\n\t\t\t\t<div class=\"elementor-column elementor-col-50 elementor-top-column elementor-element elementor-element-619cdf3f elementor-invisible\" data-id=\"619cdf3f\" data-element_type=\"column\" data-settings=\"{&quot;animation&quot;:&quot;fadeIn&quot;,&quot;animation_delay&quot;:200}\">\n\t\t\t<div class=\"elementor-widget-wrap elementor-element-populated\">\n\t\t\t\t\t\t\t\t<div class=\"elementor-element elementor-element-2ca8eeae elementor-widget elementor-widget-sm-default-button\" data-id=\"2ca8eeae\" data-element_type=\"widget\" data-widget_type=\"sm-default-button.default\">\n\t\t\t\t<div class=\"elementor-widget-container\">\n\t\t\t\n\t\t\t\t<a   href=\"https:\/\/www.unigasket.it\/it\/\/contatti\/\" class=\"btn  btn_transparent \">Contatti<i class=\"ti ti-arrow-right\"><\/i><\/a>\n\t\t\n\t\t\t<\/div>\n\t\t\t\t<\/div>\n\t\t\t\t\t<\/div>\n\t\t<\/div>\n\t\t\t\t\t\t\t<\/div>\n\t\t<\/section>\n\t\t\t\t\t\t<\/div>\n\t\t\t\t\t<\/div>\n\t\t","protected":false},"excerpt":{"rendered":"<p>Robotica Robotica I tubi Unigasket in PTFE, FEP e PFA possono trovare applicazione su robot dotati di pinze&#8230;<\/p>\n","protected":false},"author":1,"featured_media":0,"parent":0,"menu_order":0,"comment_status":"closed","ping_status":"closed","template":"elementor_canvas","meta":{"footnotes":""},"class_list":["post-2074","page","type-page","status-publish","hentry"],"yoast_head":"<!-- This site is optimized with the Yoast SEO plugin v27.4 - https:\/\/yoast.com\/product\/yoast-seo-wordpress\/ -->\n<title>Robotica - Unigasket<\/title>\n<meta name=\"description\" content=\"Robotica Robotica I tubi Unigasket in PTFE, FEP e PFA possono trovare applicazione su robot dotati di pinze per trasportare fluidi aggressivi a pressioni\" \/>\n<meta name=\"robots\" content=\"index, follow, max-snippet:-1, max-image-preview:large, max-video-preview:-1\" \/>\n<link rel=\"canonical\" href=\"https:\/\/www.unigasket.it\/it\/robotica\/\" \/>\n<meta property=\"og:locale\" content=\"it_IT\" \/>\n<meta property=\"og:type\" content=\"article\" \/>\n<meta property=\"og:title\" content=\"Robotica - Unigasket\" \/>\n<meta property=\"og:description\" content=\"Robotica Robotica I tubi Unigasket in PTFE, FEP e PFA possono trovare applicazione su robot dotati di pinze per trasportare fluidi aggressivi a pressioni\" \/>\n<meta property=\"og:url\" content=\"https:\/\/www.unigasket.it\/it\/robotica\/\" \/>\n<meta property=\"og:site_name\" content=\"Unigasket\" \/>\n<meta property=\"article:modified_time\" content=\"2023-01-09T16:17:34+00:00\" \/>\n<meta name=\"twitter:card\" content=\"summary_large_image\" \/>\n<meta name=\"twitter:label1\" content=\"Tempo di lettura stimato\" \/>\n\t<meta name=\"twitter:data1\" content=\"1 minuto\" \/>\n<script type=\"application\/ld+json\" class=\"yoast-schema-graph\">{\"@context\":\"https:\\\/\\\/schema.org\",\"@graph\":[{\"@type\":\"WebPage\",\"@id\":\"https:\\\/\\\/www.unigasket.it\\\/it\\\/robotica\\\/\",\"url\":\"https:\\\/\\\/www.unigasket.it\\\/it\\\/robotica\\\/\",\"name\":\"Robotica - Unigasket\",\"isPartOf\":{\"@id\":\"https:\\\/\\\/www.unigasket.it\\\/it\\\/#website\"},\"datePublished\":\"2021-04-16T22:31:23+00:00\",\"dateModified\":\"2023-01-09T16:17:34+00:00\",\"description\":\"Robotica Robotica I tubi Unigasket in PTFE, FEP e PFA possono trovare applicazione su robot dotati di pinze per trasportare fluidi aggressivi a pressioni\",\"breadcrumb\":{\"@id\":\"https:\\\/\\\/www.unigasket.it\\\/it\\\/robotica\\\/#breadcrumb\"},\"inLanguage\":\"it-IT\",\"potentialAction\":[{\"@type\":\"ReadAction\",\"target\":[\"https:\\\/\\\/www.unigasket.it\\\/it\\\/robotica\\\/\"]}]},{\"@type\":\"BreadcrumbList\",\"@id\":\"https:\\\/\\\/www.unigasket.it\\\/it\\\/robotica\\\/#breadcrumb\",\"itemListElement\":[{\"@type\":\"ListItem\",\"position\":1,\"name\":\"Home\",\"item\":\"https:\\\/\\\/www.unigasket.it\\\/it\\\/\"},{\"@type\":\"ListItem\",\"position\":2,\"name\":\"Robotica\"}]},{\"@type\":\"WebSite\",\"@id\":\"https:\\\/\\\/www.unigasket.it\\\/it\\\/#website\",\"url\":\"https:\\\/\\\/www.unigasket.it\\\/it\\\/\",\"name\":\"Unigasket\",\"description\":\"The future is here\",\"publisher\":{\"@id\":\"https:\\\/\\\/www.unigasket.it\\\/it\\\/#organization\"},\"potentialAction\":[{\"@type\":\"SearchAction\",\"target\":{\"@type\":\"EntryPoint\",\"urlTemplate\":\"https:\\\/\\\/www.unigasket.it\\\/it\\\/?s={search_term_string}\"},\"query-input\":{\"@type\":\"PropertyValueSpecification\",\"valueRequired\":true,\"valueName\":\"search_term_string\"}}],\"inLanguage\":\"it-IT\"},{\"@type\":\"Organization\",\"@id\":\"https:\\\/\\\/www.unigasket.it\\\/it\\\/#organization\",\"name\":\"Unigasket\",\"url\":\"https:\\\/\\\/www.unigasket.it\\\/it\\\/\",\"logo\":{\"@type\":\"ImageObject\",\"inLanguage\":\"it-IT\",\"@id\":\"https:\\\/\\\/www.unigasket.it\\\/it\\\/#\\\/schema\\\/logo\\\/image\\\/\",\"url\":\"https:\\\/\\\/www.unigasket.it\\\/wp-content\\\/uploads\\\/2018\\\/07\\\/logo-unigasket.png\",\"contentUrl\":\"https:\\\/\\\/www.unigasket.it\\\/wp-content\\\/uploads\\\/2018\\\/07\\\/logo-unigasket.png\",\"width\":600,\"height\":147,\"caption\":\"Unigasket\"},\"image\":{\"@id\":\"https:\\\/\\\/www.unigasket.it\\\/it\\\/#\\\/schema\\\/logo\\\/image\\\/\"},\"sameAs\":[\"https:\\\/\\\/it.linkedin.com\\\/company\\\/unigasket-srl\"]}]}<\/script>\n<!-- \/ Yoast SEO plugin. -->","yoast_head_json":{"title":"Robotica - Unigasket","description":"Robotica Robotica I tubi Unigasket in PTFE, FEP e PFA possono trovare applicazione su robot dotati di pinze per trasportare fluidi aggressivi a pressioni","robots":{"index":"index","follow":"follow","max-snippet":"max-snippet:-1","max-image-preview":"max-image-preview:large","max-video-preview":"max-video-preview:-1"},"canonical":"https:\/\/www.unigasket.it\/it\/robotica\/","og_locale":"it_IT","og_type":"article","og_title":"Robotica - Unigasket","og_description":"Robotica Robotica I tubi Unigasket in PTFE, FEP e PFA possono trovare applicazione su robot dotati di pinze per trasportare fluidi aggressivi a pressioni","og_url":"https:\/\/www.unigasket.it\/it\/robotica\/","og_site_name":"Unigasket","article_modified_time":"2023-01-09T16:17:34+00:00","twitter_card":"summary_large_image","twitter_misc":{"Tempo di lettura stimato":"1 minuto"},"schema":{"@context":"https:\/\/schema.org","@graph":[{"@type":"WebPage","@id":"https:\/\/www.unigasket.it\/it\/robotica\/","url":"https:\/\/www.unigasket.it\/it\/robotica\/","name":"Robotica - Unigasket","isPartOf":{"@id":"https:\/\/www.unigasket.it\/it\/#website"},"datePublished":"2021-04-16T22:31:23+00:00","dateModified":"2023-01-09T16:17:34+00:00","description":"Robotica Robotica I tubi Unigasket in PTFE, FEP e PFA possono trovare applicazione su robot dotati di pinze per trasportare fluidi aggressivi a pressioni","breadcrumb":{"@id":"https:\/\/www.unigasket.it\/it\/robotica\/#breadcrumb"},"inLanguage":"it-IT","potentialAction":[{"@type":"ReadAction","target":["https:\/\/www.unigasket.it\/it\/robotica\/"]}]},{"@type":"BreadcrumbList","@id":"https:\/\/www.unigasket.it\/it\/robotica\/#breadcrumb","itemListElement":[{"@type":"ListItem","position":1,"name":"Home","item":"https:\/\/www.unigasket.it\/it\/"},{"@type":"ListItem","position":2,"name":"Robotica"}]},{"@type":"WebSite","@id":"https:\/\/www.unigasket.it\/it\/#website","url":"https:\/\/www.unigasket.it\/it\/","name":"Unigasket","description":"The future is here","publisher":{"@id":"https:\/\/www.unigasket.it\/it\/#organization"},"potentialAction":[{"@type":"SearchAction","target":{"@type":"EntryPoint","urlTemplate":"https:\/\/www.unigasket.it\/it\/?s={search_term_string}"},"query-input":{"@type":"PropertyValueSpecification","valueRequired":true,"valueName":"search_term_string"}}],"inLanguage":"it-IT"},{"@type":"Organization","@id":"https:\/\/www.unigasket.it\/it\/#organization","name":"Unigasket","url":"https:\/\/www.unigasket.it\/it\/","logo":{"@type":"ImageObject","inLanguage":"it-IT","@id":"https:\/\/www.unigasket.it\/it\/#\/schema\/logo\/image\/","url":"https:\/\/www.unigasket.it\/wp-content\/uploads\/2018\/07\/logo-unigasket.png","contentUrl":"https:\/\/www.unigasket.it\/wp-content\/uploads\/2018\/07\/logo-unigasket.png","width":600,"height":147,"caption":"Unigasket"},"image":{"@id":"https:\/\/www.unigasket.it\/it\/#\/schema\/logo\/image\/"},"sameAs":["https:\/\/it.linkedin.com\/company\/unigasket-srl"]}]}},"_links":{"self":[{"href":"https:\/\/www.unigasket.it\/it\/wp-json\/wp\/v2\/pages\/2074","targetHints":{"allow":["GET"]}}],"collection":[{"href":"https:\/\/www.unigasket.it\/it\/wp-json\/wp\/v2\/pages"}],"about":[{"href":"https:\/\/www.unigasket.it\/it\/wp-json\/wp\/v2\/types\/page"}],"author":[{"embeddable":true,"href":"https:\/\/www.unigasket.it\/it\/wp-json\/wp\/v2\/users\/1"}],"replies":[{"embeddable":true,"href":"https:\/\/www.unigasket.it\/it\/wp-json\/wp\/v2\/comments?post=2074"}],"version-history":[{"count":52,"href":"https:\/\/www.unigasket.it\/it\/wp-json\/wp\/v2\/pages\/2074\/revisions"}],"predecessor-version":[{"id":14136,"href":"https:\/\/www.unigasket.it\/it\/wp-json\/wp\/v2\/pages\/2074\/revisions\/14136"}],"wp:attachment":[{"href":"https:\/\/www.unigasket.it\/it\/wp-json\/wp\/v2\/media?parent=2074"}],"curies":[{"name":"wp","href":"https:\/\/api.w.org\/{rel}","templated":true}]}}